{"id":23228,"date":"2024-07-30T09:46:24","date_gmt":"2024-07-30T09:46:24","guid":{"rendered":"https:\/\/calumet.info\/polityka-prywatnosci\/"},"modified":"2025-03-06T13:39:12","modified_gmt":"2025-03-06T13:39:12","slug":"zasady-ochrany-osobnich-udaju","status":"publish","type":"page","link":"https:\/\/calumet.info\/cs\/zasady-ochrany-osobnich-udaju\/","title":{"rendered":"Z\u00e1sady ochrany osobn\u00edch \u00fadaj\u016f"},"content":{"rendered":"\t\t<div data-elementor-type=\"wp-page\" data-elementor-id=\"23228\" class=\"elementor elementor-23228 elementor-17622\">\n\t\t\t\t<div class=\"elementor-element elementor-element-b6984ba e-flex e-con-boxed e-con e-parent\" data-id=\"b6984ba\" data-element_type=\"container\" data-e-type=\"container\" data-settings=\"{&quot;background_background&quot;:&quot;classic&quot;}\">\n\t\t\t\t\t<div class=\"e-con-inner\">\n\t\t\t\t<div class=\"elementor-element elementor-element-f8fc909 wd-width-100 elementor-widget elementor-widget-wd_title\" data-id=\"f8fc909\" data-element_type=\"widget\" data-e-type=\"widget\" data-widget_type=\"wd_title.default\">\n\t\t\t\t<div class=\"elementor-widget-container\">\n\t\t\t\t\t\t\t<div class=\"title-wrapper wd-set-mb reset-last-child wd-title-color-default wd-title-style-default wd-title-size-default text-center\">\n\n\t\t\t\n\t\t\t<div class=\"liner-continer\">\n\t\t\t\t<h4 class=\"woodmart-title-container title wd-fontsize-l\">Z\u00e1sady ochrany osobn\u00edch \u00fadaj\u016f<\/h4> \n\t\t\t\t\t\t\t<\/div>\n\n\t\t\t\t\t<\/div>\n\t\t\t\t\t\t<\/div>\n\t\t\t\t<\/div>\n\t\t\t\t<div class=\"elementor-element elementor-element-2e25b7a elementor-widget elementor-widget-wd_text_block\" data-id=\"2e25b7a\" data-element_type=\"widget\" data-e-type=\"widget\" data-widget_type=\"wd_text_block.default\">\n\t\t\t\t<div class=\"elementor-widget-container\">\n\t\t\t\t\t\t\t<div class=\"wd-text-block reset-last-child text-left\">\n\t\t\t\n\t\t\t<p><b>I OBECN\u00c1 USTANOVEN\u00cd<\/b><\/p>\n<ol>\n<li>Tyto z\u00e1sady ochrany osobn\u00edch \u00fadaj\u016f definuj\u00ed zp\u016fsob shroma\u017e\u010fov\u00e1n\u00ed, zpracov\u00e1n\u00ed a uchov\u00e1v\u00e1n\u00ed osobn\u00edch \u00fadaj\u016f nezbytn\u00fdch pro poskytov\u00e1n\u00ed slu\u017eeb elektronicky prost\u0159ednictv\u00edm webov\u00fdch str\u00e1nek v dom\u00e9n\u011b Calumet.info.<\/li>\n<li>Spr\u00e1vcem osobn\u00edch \u00fadaj\u016f shroma\u017e\u010fovan\u00fdch prost\u0159ednictv\u00edm Webov\u00fdch str\u00e1nek je spole\u010dnost Sansa Europe sp. z o.o., Wersalska 47\/75, 91-212 Lod\u017e, d\u00e1le jen \u201eSpr\u00e1vce\u201c.<\/li>\n<li>Osobn\u00ed \u00fadaje jsou zpracov\u00e1v\u00e1ny v souladu s Na\u0159\u00edzen\u00edm Evropsk\u00e9ho parlamentu a Rady (EU) 2016\/679 ze dne 27. dubna 2016 o ochran\u011b fyzick\u00fdch osob v souvislosti se zpracov\u00e1n\u00edm osobn\u00edch \u00fadaj\u016f a o voln\u00e9m pohybu t\u011bchto \u00fadaj\u016f a o zru\u0161en\u00ed sm\u011brnice 95\/46\/ES (obecn\u00e9 na\u0159\u00edzen\u00ed o ochran\u011b osobn\u00edch \u00fadaj\u016f) (d\u00e1le jen: RODO).<\/li>\n<li>Spr\u00e1vce db\u00e1 zejm\u00e9na na ochranu z\u00e1jm\u016f subjekt\u016f \u00fadaj\u016f a zejm\u00e9na zaji\u0161\u0165uje, aby \u00fadaje, kter\u00e9 shroma\u017e\u010fuje, byly zpracov\u00e1v\u00e1ny z\u00e1konn\u00fdm zp\u016fsobem; byly shroma\u017e\u010fov\u00e1ny pro stanoven\u00e9, legitimn\u00ed \u00fa\u010dely a nebyly d\u00e1le zpracov\u00e1v\u00e1ny zp\u016fsobem, kter\u00fd je s t\u011bmito \u00fa\u010dely neslu\u010diteln\u00fd; byly v\u011bcn\u011b spr\u00e1vn\u00e9 a p\u0159im\u011b\u0159en\u00e9 vzhledem k \u00fa\u010del\u016fm, pro kter\u00e9 jsou zpracov\u00e1v\u00e1ny, a byly uchov\u00e1v\u00e1ny ve form\u011b, kter\u00e1 umo\u017e\u0148uje identifikaci subjekt\u016f \u00fadaj\u016f po dobu ne del\u0161\u00ed, ne\u017e je nezbytn\u00e9 k dosa\u017een\u00ed \u00fa\u010delu zpracov\u00e1n\u00ed.<\/li>\n<\/ol>\n<p><b>II \u00da\u010cEL A ROZSAH SHROMA\u017d\u010eOV\u00c1N\u00cd \u00daDAJ\u016e A P\u0158\u00cdJEMCI \u00daDAJ\u016e<\/b><\/p>\n<ol>\n<li>Spr\u00e1vce zpracov\u00e1v\u00e1 osobn\u00ed \u00fadaje nezbytn\u00e9 pro poskytov\u00e1n\u00ed a rozvoj slu\u017eeb nab\u00edzen\u00fdch a dostupn\u00fdch prost\u0159ednictv\u00edm webov\u00fdch str\u00e1nek a jejich r\u016fzn\u00fdch funkc\u00ed.<\/li>\n<li>Osobn\u00ed \u00fadaje budou zpracov\u00e1v\u00e1ny pro n\u00e1sleduj\u00edc\u00ed \u00fa\u010dely:<\/li>\n<\/ol>\n<ul>\n<li>komunikace s U\u017eivatelem za \u00fa\u010delem poskytov\u00e1n\u00ed pot\u0159ebn\u00fdch informac\u00ed a budov\u00e1n\u00ed pozitivn\u00edch a spolehliv\u00fdch vztah\u016f s U\u017eivatelem, co\u017e p\u0159edstavuje opr\u00e1vn\u011bn\u00fd z\u00e1jem Spr\u00e1vce (\u010dl. 6 odst. 1 p\u00edsm. f) RODO);<\/li>\n<li>propagace vlastn\u00edch produkt\u016f a\/nebo slu\u017eeb Spr\u00e1vce a Partner\u016f prost\u0159ednictv\u00edm poskytov\u00e1n\u00ed marketingov\u00fdch informac\u00ed e-mailem (newsletter), pokud U\u017eivatel souhlasil se zas\u00edl\u00e1n\u00edm takov\u00fdch ozn\u00e1men\u00ed e-mailem (\u010dl. 6 odst. 1 p\u00edsm. a) RODO);<\/li>\n<li>pro analytick\u00e9 a statistick\u00e9 \u00fa\u010dely na z\u00e1klad\u011b opr\u00e1vn\u011bn\u00e9ho z\u00e1jmu Spr\u00e1vce spo\u010d\u00edvaj\u00edc\u00edho v ov\u011b\u0159ov\u00e1n\u00ed aktivity U\u017eivatel\u016f a jejich preferenc\u00ed za \u00fa\u010delem optimalizace slu\u017eeb a produkt\u016f a pou\u017e\u00edvan\u00fdch funkc\u00ed Slu\u017eby (\u010dl. 6 odst. 1 p\u00edsm. f) RODO);<\/li>\n<li>pro \u00fa\u010dely c\u00edlen\u00ed reklamy na soci\u00e1ln\u00edch s\u00edt\u00edch a webov\u00fdch str\u00e1nk\u00e1ch, jako je Facebook, YouTube, Google - na z\u00e1klad\u011b \u010dl. 6 odst. 1 p\u00edsm. a) RODO (souhlas) a na z\u00e1klad\u011b \u010dl. 6 odst. 1 p\u00edsm. f) RODO.<\/li>\n<\/ul>\n<p>V ka\u017ed\u00e9m z v\u00fd\u0161e uveden\u00fdch p\u0159\u00edpad\u016f (odstavec 2) je poskytnut\u00ed \u00fadaj\u016f dobrovoln\u00e9, ale nezbytn\u00e9 pro vyu\u017e\u00edv\u00e1n\u00ed dal\u0161\u00edch funkc\u00ed webov\u00fdch str\u00e1nek.<\/p>\n<p><b>III SOUBORY COOKIE A \u00daDAJE O POU\u017d\u00cdV\u00c1N\u00cd<\/b><\/p>\n<ol>\n<li>Soubory cookie jsou mal\u00e9 textov\u00e9 informace ve form\u011b textov\u00fdch soubor\u016f odes\u00edlan\u00fdch serverem a ukl\u00e1dan\u00fdch na webov\u00e9 str\u00e1nky internetov\u00e9ho obchodu (nap\u0159. na pevn\u00fd disk po\u010d\u00edta\u010de, notebooku nebo pam\u011b\u0165ovou kartu chytr\u00e9ho telefonu - v z\u00e1vislosti na za\u0159\u00edzen\u00ed, kter\u00e9 n\u00e1v\u0161t\u011bvn\u00edk na\u0161ich webov\u00fdch str\u00e1nek pou\u017e\u00edv\u00e1).<\/li>\n<li>Spr\u00e1vce m\u016f\u017ee zpracov\u00e1vat \u00fadaje obsa\u017een\u00e9 v souborech cookie, kdy\u017e n\u00e1v\u0161t\u011bvn\u00edci pou\u017e\u00edvaj\u00ed Internetov\u00e9 str\u00e1nky pro n\u00e1sleduj\u00edc\u00ed \u00fa\u010dely:<\/li>\n<li>- ukl\u00e1d\u00e1n\u00ed \u00fadaj\u016f z vypln\u011bn\u00fdch formul\u00e1\u0159\u016f pro zas\u00edl\u00e1n\u00ed novinek a pr\u016fzkum\u016f;<\/li>\n<li>- p\u0159izp\u016fsoben\u00ed obsahu Webov\u00fdch str\u00e1nek individu\u00e1ln\u00edm preferenc\u00edm U\u017eivatele (nap\u0159. s ohledem na velikost, rozvr\u017een\u00ed str\u00e1nky) a optimalizace pou\u017e\u00edv\u00e1n\u00ed Webov\u00fdch str\u00e1nek;<\/li>\n<li>- veden\u00ed anonymn\u00edch statistik, kter\u00e9 ukazuj\u00ed, jak jsou Webov\u00e9 str\u00e1nky pou\u017e\u00edv\u00e1ny.<\/li>\n<li>V\u011bt\u0161ina webov\u00fdch prohl\u00ed\u017ee\u010d\u016f dostupn\u00fdch na trhu ve v\u00fdchoz\u00edm nastaven\u00ed ukl\u00e1d\u00e1n\u00ed soubor\u016f cookie akceptuje. M\u00e1te mo\u017enost ur\u010dit podm\u00ednky pro pou\u017e\u00edv\u00e1n\u00ed soubor\u016f cookie prost\u0159ednictv\u00edm nastaven\u00ed sv\u00e9ho prohl\u00ed\u017ee\u010de. To znamen\u00e1, \u017ee m\u016f\u017eete nap\u0159\u00edklad \u010d\u00e1ste\u010dn\u011b omezit (nap\u0159. do\u010dasn\u011b) nebo zcela zak\u00e1zat ukl\u00e1d\u00e1n\u00ed soubor\u016f cookie - v druh\u00e9m p\u0159\u00edpad\u011b to v\u0161ak m\u016f\u017ee ovlivnit n\u011bkter\u00e9 funkce Webov\u00e9 str\u00e1nky.<\/li>\n<li>Nastaven\u00ed prohl\u00ed\u017ee\u010de t\u00fdkaj\u00edc\u00ed se soubor\u016f cookie je relevantn\u00ed pro v\u00e1\u0161 souhlas s pou\u017e\u00edv\u00e1n\u00edm soubor\u016f cookie na\u0161imi Webov\u00fdmi str\u00e1nkami - v souladu s p\u0159edpisy lze tento souhlas vyj\u00e1d\u0159it tak\u00e9 prost\u0159ednictv\u00edm nastaven\u00ed prohl\u00ed\u017ee\u010de. Pokud takov\u00fd souhlas nen\u00ed vyj\u00e1d\u0159en, je t\u0159eba nastaven\u00ed prohl\u00ed\u017ee\u010de t\u00fdkaj\u00edc\u00ed se soubor\u016f cookie odpov\u00eddaj\u00edc\u00edm zp\u016fsobem zm\u011bnit.<\/li>\n<li>Podrobn\u00e9 informace o tom, jak zm\u011bnit nastaven\u00ed t\u00fdkaj\u00edc\u00ed se soubor\u016f cookie a jak je sami odstranit v nejobl\u00edben\u011bj\u0161\u00edch webov\u00fdch prohl\u00ed\u017ee\u010d\u00edch, jsou k dispozici v n\u00e1pov\u011bd\u011b vybran\u00e9ho webov\u00e9ho prohl\u00ed\u017ee\u010de.<\/li>\n<li>Spr\u00e1vce rovn\u011b\u017e zpracov\u00e1v\u00e1 anonymizovan\u00e9 \u00fadaje o pou\u017e\u00edv\u00e1n\u00ed souvisej\u00edc\u00ed s pou\u017e\u00edv\u00e1n\u00edm webov\u00fdch str\u00e1nek (tzv. logy - IP adresa, dom\u00e9na) za \u00fa\u010delem vytv\u00e1\u0159en\u00ed statistik, kter\u00e9 pom\u00e1haj\u00ed p\u0159i spr\u00e1v\u011b webov\u00fdch str\u00e1nek. Tyto \u00fadaje jsou agregovan\u00e9 a anonymn\u00ed, tj. neobsahuj\u00ed identifika\u010dn\u00ed znaky n\u00e1v\u0161t\u011bvn\u00edk\u016f webov\u00fdch str\u00e1nek internetov\u00e9ho obchodu. Logy nejsou poskytov\u00e1ny t\u0159et\u00edm stran\u00e1m.<\/li>\n<\/ol>\n<p><b>IV Z\u00c1KLAD PRO ZPRACOV\u00c1N\u00cd \u00daDAJ\u016e<\/b><\/p>\n<ol>\n<li>Poskytnut\u00ed osobn\u00edch \u00fadaj\u016f u\u017eivatelem je dobrovoln\u00e9.<\/li>\n<li>Z\u00e1kladem pro zpracov\u00e1n\u00ed osobn\u00edch \u00fadaj\u016f U\u017eivatele je nezbytnost pro pln\u011bn\u00ed smlouvy, jej\u00ed\u017e smluvn\u00ed stranou je U\u017eivatel, nebo pro p\u0159ijet\u00ed opat\u0159en\u00ed na \u017e\u00e1dost U\u017eivatele p\u0159ed uzav\u0159en\u00edm smlouvy. V p\u0159\u00edpad\u011b zpracov\u00e1n\u00ed \u00fadaj\u016f za \u00fa\u010delem p\u0159\u00edm\u00e9ho marketingu vlastn\u00edch produkt\u016f nebo slu\u017eeb Spr\u00e1vce je z\u00e1kladem pro takov\u00e9 zpracov\u00e1n\u00ed (1) p\u0159edchoz\u00ed souhlas U\u017eivatele nebo (2) napln\u011bn\u00ed pr\u00e1vn\u011b od\u016fvodn\u011bn\u00fdch \u00fa\u010del\u016f sledovan\u00fdch Spr\u00e1vcem (za pr\u00e1vn\u011b od\u016fvodn\u011bn\u00fd \u00fa\u010del se podle \u00a7 23 odst. 4 z\u00e1kona o ochran\u011b osobn\u00edch \u00fadaj\u016f pova\u017euje zejm\u00e9na p\u0159\u00edm\u00fd marketing vlastn\u00edch produkt\u016f nebo slu\u017eeb Spr\u00e1vce).<\/li>\n<\/ol>\n<p><b>V PR\u00c1VO NA KONTROLU, P\u0158\u00cdSTUP K \u00daDAJ\u016eM A JEJICH OPRAVU<\/b><\/p>\n<ol>\n<li>U\u017eivatel m\u00e1 pr\u00e1vo na p\u0159\u00edstup k obsahu sv\u00fdch osobn\u00edch \u00fadaj\u016f a na jejich opravu.<\/li>\n<li>Ka\u017ed\u00e1 osoba m\u00e1 pr\u00e1vo kontrolovat zpracov\u00e1n\u00ed \u00fadaj\u016f, kter\u00e9 se j\u00ed t\u00fdkaj\u00ed a kter\u00e9 jsou obsa\u017eeny v evidenci Spr\u00e1vce, a to zejm\u00e9na pr\u00e1vo: po\u017eadovat dopln\u011bn\u00ed, aktualizaci, opravu, do\u010dasn\u00e9 nebo trval\u00e9 pozastaven\u00ed \u010di v\u00fdmaz osobn\u00edch \u00fadaj\u016f, pokud jsou ne\u00fapln\u00e9, neaktu\u00e1ln\u00ed, nepravdiv\u00e9 nebo byly shrom\u00e1\u017ed\u011bny v rozporu se z\u00e1konem nebo ji\u017e nejsou pot\u0159ebn\u00e9 pro \u00fa\u010del, pro kter\u00fd byly shrom\u00e1\u017ed\u011bny.<\/li>\n<li>Pokud u\u017eivatel ud\u011blil souhlas se zpracov\u00e1n\u00edm \u00fadaj\u016f za \u00fa\u010delem p\u0159\u00edm\u00e9ho marketingu vlastn\u00edch produkt\u016f nebo slu\u017eeb spr\u00e1vce, m\u016f\u017ee tento souhlas kdykoli odvolat.<\/li>\n<li>Pokud Spr\u00e1vce hodl\u00e1 zpracov\u00e1vat nebo zpracov\u00e1v\u00e1 \u00fadaje U\u017eivatele za \u00fa\u010delem p\u0159\u00edm\u00e9ho marketingu vlastn\u00edch produkt\u016f nebo slu\u017eeb Spr\u00e1vce, m\u00e1 subjekt \u00fadaj\u016f rovn\u011b\u017e pr\u00e1vo (1) podat p\u00edsemnou od\u016fvodn\u011bnou \u017e\u00e1dost o zastaven\u00ed zpracov\u00e1n\u00ed sv\u00fdch \u00fadaj\u016f vzhledem ke sv\u00e9 konkr\u00e9tn\u00ed situaci nebo (2) vzn\u00e9st n\u00e1mitku proti zpracov\u00e1n\u00ed sv\u00fdch \u00fadaj\u016f.<\/li>\n<li>Za \u00fa\u010delem uplatn\u011bn\u00ed v\u00fd\u0161e uveden\u00fdch pr\u00e1v lze spr\u00e1vce kontaktovat zasl\u00e1n\u00edm p\u0159\u00edslu\u0161n\u00e9 p\u00edsemn\u00e9 zpr\u00e1vy nebo e-mailu na adresu spr\u00e1vce uvedenou v \u00favodu t\u011bchto z\u00e1sad ochrany osobn\u00edch \u00fadaj\u016f.<\/li>\n<\/ol>\n<p><b>VI WEBOV\u00c1 ANALYTIKA GOOGLE ANALYTICS A HOTJAR<\/b><\/p>\n<ol>\n<li>Spr\u00e1vce vyu\u017e\u00edv\u00e1 slu\u017eby Google Analytics poskytovan\u00e9 spole\u010dnost\u00ed Google Inc. (1600 Amphitheatre Parkway, Mountain View, CA 94043, USA), Meta a slu\u017eby HotJar poskytovan\u00e9 spole\u010dnost\u00ed Hotjar Ltd (Malta). Tyto slu\u017eby pom\u00e1haj\u00ed Spr\u00e1vci analyzovat vyu\u017e\u00edv\u00e1n\u00ed Internetov\u00e9ho obchodu.<\/li>\n<li>Slu\u017eby Google Analytics a HotJar pou\u017e\u00edvaj\u00ed soubory cookie k anal\u00fdze zp\u016fsobu pou\u017e\u00edv\u00e1n\u00ed webov\u00fdch str\u00e1nek. Soubory cookie jsou mal\u00e9 textov\u00e9 soubory, kter\u00e9 jsou odes\u00edl\u00e1ny serverem a ukl\u00e1d\u00e1ny do po\u010d\u00edta\u010de u\u017eivatele Webov\u00fdch str\u00e1nek (nap\u0159. na pevn\u00fd disk po\u010d\u00edta\u010de, notebooku nebo na pam\u011b\u0165ovou kartu chytr\u00e9ho telefonu - v z\u00e1vislosti na za\u0159\u00edzen\u00ed, kter\u00e9 u\u017eivatel Webov\u00fdch str\u00e1nek pou\u017e\u00edv\u00e1).<\/li>\n<li>Informace z\u00edskan\u00e9 pomoc\u00ed soubor\u016f cookie se ukl\u00e1daj\u00ed na serverech pou\u017e\u00edvan\u00fdch spole\u010dnostmi Google Inc a HotJar Ltd, a to i ve Spojen\u00fdch st\u00e1tech. Pokud je p\u0159i pou\u017e\u00edv\u00e1n\u00ed Webov\u00fdch str\u00e1nek aktivov\u00e1na anonymizace IP adresy, bude IP adresa v \u010dlensk\u00fdch st\u00e1tech Evropsk\u00e9 unie nebo jin\u00fdch smluvn\u00edch stran\u00e1ch Dohody o Evropsk\u00e9m hospod\u00e1\u0159sk\u00e9m prostoru st\u00e1le zkr\u00e1cena. Pouze ve v\u00fdjime\u010dn\u00fdch p\u0159\u00edpadech bude cel\u00e1 IP adresa p\u0159enesena do Spojen\u00fdch st\u00e1t\u016f a tam zkr\u00e1cena.<\/li>\n<li>Z pov\u011b\u0159en\u00ed spr\u00e1vce budou spole\u010dnosti Google Inc. a HotJar Ltd. I. pou\u017e\u00edvat tyto informace k vyhodnocov\u00e1n\u00ed pou\u017e\u00edv\u00e1n\u00ed webov\u00fdch str\u00e1nek u\u017eivatelem, k vytv\u00e1\u0159en\u00ed zpr\u00e1v o n\u00e1v\u0161t\u011bvnosti webov\u00fdch str\u00e1nek a k poskytov\u00e1n\u00ed dal\u0161\u00edch slu\u017eeb souvisej\u00edc\u00edch s pou\u017e\u00edv\u00e1n\u00edm webov\u00fdch str\u00e1nek.<\/li>\n<li>Shrom\u00e1\u017ed\u011bn\u00e9 \u00fadaje jsou v r\u00e1mci v\u00fd\u0161e uveden\u00fdch slu\u017eeb zpracov\u00e1v\u00e1ny anonymn\u00edm zp\u016fsobem (jedn\u00e1 se o tzv. \u00fadaje o vyu\u017e\u00edv\u00e1n\u00ed, kter\u00e9 br\u00e1n\u00ed identifikaci osoby). Tyto \u00fadaje jsou agregovan\u00e9 a anonymn\u00ed, tj. neobsahuj\u00ed charakteristiky identifikuj\u00edc\u00ed osoby, kter\u00e9 Webov\u00e9 str\u00e1nky pou\u017e\u00edvaj\u00ed.<\/li>\n<li>V\u011bt\u0161ina webov\u00fdch prohl\u00ed\u017ee\u010d\u016f a za\u0159\u00edzen\u00ed dostupn\u00fdch na trhu ve v\u00fdchoz\u00edm nastaven\u00ed ukl\u00e1d\u00e1n\u00ed soubor\u016f cookie akceptuje. Podm\u00ednky pro pou\u017e\u00edv\u00e1n\u00ed soubor\u016f cookie m\u016f\u017eete ur\u010dit prost\u0159ednictv\u00edm nastaven\u00ed vlastn\u00edho internetov\u00e9ho prohl\u00ed\u017ee\u010de nebo vlastn\u00edho za\u0159\u00edzen\u00ed. To znamen\u00e1, \u017ee m\u016f\u017eete nap\u0159\u00edklad \u010d\u00e1ste\u010dn\u011b omezit (nap\u0159. do\u010dasn\u011b) nebo zcela zak\u00e1zat mo\u017enost ukl\u00e1d\u00e1n\u00ed soubor\u016f cookie - v druh\u00e9m p\u0159\u00edpad\u011b to v\u0161ak m\u016f\u017ee m\u00edt vliv na n\u011bkter\u00e9 funkce Webov\u00fdch str\u00e1nek.<\/li>\n<li>Nastaven\u00ed Va\u0161eho internetov\u00e9ho prohl\u00ed\u017ee\u010de nebo za\u0159\u00edzen\u00ed ve vztahu k Soubor\u016fm cookie je d\u016fle\u017eit\u00e9 z hlediska Va\u0161eho souhlasu s pou\u017e\u00edv\u00e1n\u00edm Soubor\u016f cookie Internetov\u00fdm obchodem - v souladu s p\u0159edpisy m\u016f\u017ee b\u00fdt tento souhlas vyj\u00e1d\u0159en tak\u00e9 prost\u0159ednictv\u00edm nastaven\u00ed Va\u0161eho internetov\u00e9ho prohl\u00ed\u017ee\u010de nebo za\u0159\u00edzen\u00ed. V p\u0159\u00edpad\u011b, \u017ee takov\u00fd souhlas chyb\u00ed, je t\u0159eba nastaven\u00ed internetov\u00e9ho prohl\u00ed\u017ee\u010de nebo za\u0159\u00edzen\u00ed s ohledem na Cookies odpov\u00eddaj\u00edc\u00edm zp\u016fsobem zm\u011bnit.<\/li>\n<li>Spole\u010dnost HotJar m\u016f\u017ee zaznamen\u00e1vat kliknut\u00ed my\u0161\u00ed, pohyby my\u0161\u00ed, aktivitu p\u0159i rolov\u00e1n\u00ed a zadan\u00e9 informace, kter\u00e9 nejsou osobn\u00edmi \u00fadaji.<\/li>\n<li>P\u0159enosu \u00fadaj\u016f ze za\u0159\u00edzen\u00ed u\u017eivatele do slu\u017eby Google Analytics, HotJar Ltd pomoc\u00ed soubor\u016f Cookies (v\u010detn\u011b p\u0159enosu IP adresy) je mo\u017en\u00e9 obecn\u011b zabr\u00e1nit tak\u00e9 sta\u017een\u00edm dopl\u0148ku prohl\u00ed\u017ee\u010de poskytovan\u00e9ho spole\u010dnost\u00ed Google Inc, HotJar Ltd, kter\u00fd je k dispozici na n\u00e1sleduj\u00edc\u00ed adrese.<\/li>\n<li>Podrobn\u00e9 informace o z\u00e1sad\u00e1ch, podle kter\u00fdch v\u00fd\u0161e uveden\u00e9 slu\u017eby funguj\u00ed, v\u010detn\u011b z\u00e1sad shroma\u017e\u010fov\u00e1n\u00ed a zpracov\u00e1n\u00ed \u00fadaj\u016f, jsou k dispozici zde: <a href=\"http:\/\/www.google.com\/intl\/pl\/policies\/privacy\/partners\/\">www.google.com\/intl\/pl\/policies\/privacy\/partners\/<\/a>.<\/li>\n<\/ol>\n<p><b>VII METAPLATFORMY<\/b><\/p>\n<ol>\n<li>Webov\u00e9 str\u00e1nky pou\u017e\u00edvaj\u00ed Meta pixel ke spr\u00e1v\u011b reklam na Facebooku a Instagramu (Meta platformy) a k prov\u00e1d\u011bn\u00ed remarketingov\u00fdch aktivit v t\u011bchto slu\u017eb\u00e1ch, co\u017e je opr\u00e1vn\u011bn\u00fd z\u00e1jem Spr\u00e1vce. N\u00e1stroj Meta pixel poskytuje spole\u010dnost Facebook Inc. (Meta Platforms) a jej\u00ed p\u0159idru\u017een\u00e9 spole\u010dnosti.<\/li>\n<li>Informace shrom\u00e1\u017ed\u011bn\u00e9 n\u00e1strojem Meta Pixel (Meta Platforms) jsou anonymn\u00ed a neidentifikuj\u00ed u\u017eivatele. Spr\u00e1vce Meta Platforms m\u016f\u017ee tyto informace kombinovat s \u00fadaji, kter\u00e9 U\u017eivatel poskytuje v r\u00e1mci sv\u00e9ho \u00fa\u010dtu ve slu\u017eb\u00e1ch Meta Platforms, a pou\u017e\u00edvat je pro sv\u00e9 vlastn\u00ed \u00fa\u010dely.<\/li>\n<\/ol>\n<p><b>VIII Z\u00c1V\u011aRE\u010cN\u00c1 USTANOVEN\u00cd<\/b><\/p>\n<ol>\n<li>Slu\u017eba m\u016f\u017ee obsahovat odkazy na jin\u00e9 webov\u00e9 str\u00e1nky. Spr\u00e1vce v\u00e1s vyz\u00fdv\u00e1, abyste si p\u0159i p\u0159echodu na jin\u00e9 str\u00e1nky p\u0159e\u010detli z\u00e1sady ochrany osobn\u00edch \u00fadaj\u016f tam stanoven\u00e9. Tyto Z\u00e1sady ochrany osobn\u00edch \u00fadaj\u016f se vztahuj\u00ed pouze na tyto webov\u00e9 str\u00e1nky.<\/li>\n<li>Spr\u00e1vce uplat\u0148uje technick\u00e1 a organiza\u010dn\u00ed opat\u0159en\u00ed k zaji\u0161t\u011bn\u00ed ochrany zpracov\u00e1van\u00fdch osobn\u00edch \u00fadaj\u016f odpov\u00eddaj\u00edc\u00ed rizik\u016fm a kategori\u00edm chr\u00e1n\u011bn\u00fdch \u00fadaj\u016f, zejm\u00e9na k ochran\u011b \u00fadaj\u016f p\u0159ed jejich zp\u0159\u00edstupn\u011bn\u00edm neopr\u00e1vn\u011bn\u00fdm osob\u00e1m, p\u0159ed jejich p\u0159evzet\u00edm neopr\u00e1vn\u011bnou osobou, p\u0159ed jejich zpracov\u00e1n\u00edm v rozporu s platn\u00fdmi p\u0159edpisy a p\u0159ed jejich zm\u011bnou, ztr\u00e1tou, po\u0161kozen\u00edm nebo zni\u010den\u00edm.<\/li>\n<\/ol>\n\n\t\t\t\t\t<\/div>\n\t\t\t\t\t\t<\/div>\n\t\t\t\t<\/div>\n\t\t\t\t\t<\/div>\n\t\t\t\t<\/div>\n\t\t\t\t<\/div>\n\t\t","protected":false},"excerpt":{"rendered":"<p>Z\u00e1sady ochrany osobn\u00edch \u00fadaj\u016f I OBECN\u00c1 USTANOVEN\u00cd Tyto z\u00e1sady ochrany osobn\u00edch \u00fadaj\u016f definuj\u00ed zp\u016fsob shroma\u017e\u010fov\u00e1n\u00ed, zpracov\u00e1n\u00ed a uchov\u00e1v\u00e1n\u00ed osobn\u00edch \u00fadaj\u016f<\/p>\n","protected":false},"author":3,"featured_media":0,"parent":0,"menu_order":0,"comment_status":"closed","ping_status":"closed","template":"","meta":{"footnotes":""},"class_list":["post-23228","page","type-page","status-publish","hentry"],"yoast_head":"<!-- This site is optimized with the Yoast SEO plugin v27.2 - https:\/\/yoast.com\/product\/yoast-seo-wordpress\/ -->\n<title>Z\u00e1sady ochrany osobn\u00edch \u00fadaj\u016f - Calumet<\/title>\n<meta name=\"robots\" content=\"index, follow, max-snippet:-1, max-image-preview:large, max-video-preview:-1\" \/>\n<link rel=\"canonical\" href=\"https:\/\/calumet.info\/cs\/zasady-ochrany-osobnich-udaju\/\" \/>\n<meta property=\"og:locale\" content=\"cs_CZ\" \/>\n<meta property=\"og:type\" content=\"article\" \/>\n<meta property=\"og:title\" content=\"Z\u00e1sady ochrany osobn\u00edch \u00fadaj\u016f - Calumet\" \/>\n<meta property=\"og:description\" content=\"Z\u00e1sady ochrany osobn\u00edch \u00fadaj\u016f I OBECN\u00c1 USTANOVEN\u00cd Tyto z\u00e1sady ochrany osobn\u00edch \u00fadaj\u016f definuj\u00ed zp\u016fsob shroma\u017e\u010fov\u00e1n\u00ed, zpracov\u00e1n\u00ed a uchov\u00e1v\u00e1n\u00ed osobn\u00edch \u00fadaj\u016f\" \/>\n<meta property=\"og:url\" content=\"https:\/\/calumet.info\/cs\/zasady-ochrany-osobnich-udaju\/\" \/>\n<meta property=\"og:site_name\" content=\"Calumet\" \/>\n<meta property=\"article:modified_time\" content=\"2025-03-06T13:39:12+00:00\" \/>\n<meta name=\"twitter:card\" content=\"summary_large_image\" \/>\n<meta name=\"twitter:label1\" content=\"Odhadovan\u00e1 doba \u010dten\u00ed\" \/>\n\t<meta name=\"twitter:data1\" content=\"9 minut\" \/>\n<script type=\"application\/ld+json\" class=\"yoast-schema-graph\">{\"@context\":\"https:\/\/schema.org\",\"@graph\":[{\"@type\":\"WebPage\",\"@id\":\"https:\/\/calumet.info\/cs\/zasady-ochrany-osobnich-udaju\/\",\"url\":\"https:\/\/calumet.info\/cs\/zasady-ochrany-osobnich-udaju\/\",\"name\":\"Z\u00e1sady ochrany osobn\u00edch \u00fadaj\u016f - Calumet\",\"isPartOf\":{\"@id\":\"https:\/\/calumet.info\/cs\/#website\"},\"datePublished\":\"2024-07-30T09:46:24+00:00\",\"dateModified\":\"2025-03-06T13:39:12+00:00\",\"breadcrumb\":{\"@id\":\"https:\/\/calumet.info\/cs\/zasady-ochrany-osobnich-udaju\/#breadcrumb\"},\"inLanguage\":\"cs\",\"potentialAction\":[{\"@type\":\"ReadAction\",\"target\":[\"https:\/\/calumet.info\/cs\/zasady-ochrany-osobnich-udaju\/\"]}]},{\"@type\":\"BreadcrumbList\",\"@id\":\"https:\/\/calumet.info\/cs\/zasady-ochrany-osobnich-udaju\/#breadcrumb\",\"itemListElement\":[{\"@type\":\"ListItem\",\"position\":1,\"name\":\"Strona g\u0142\u00f3wna\",\"item\":\"https:\/\/calumet.info\/cs\/\"},{\"@type\":\"ListItem\",\"position\":2,\"name\":\"Z\u00e1sady ochrany osobn\u00edch \u00fadaj\u016f\"}]},{\"@type\":\"WebSite\",\"@id\":\"https:\/\/calumet.info\/cs\/#website\",\"url\":\"https:\/\/calumet.info\/cs\/\",\"name\":\"Calumet\",\"description\":\"Opis strony\",\"potentialAction\":[{\"@type\":\"SearchAction\",\"target\":{\"@type\":\"EntryPoint\",\"urlTemplate\":\"https:\/\/calumet.info\/cs\/?s={search_term_string}\"},\"query-input\":{\"@type\":\"PropertyValueSpecification\",\"valueRequired\":true,\"valueName\":\"search_term_string\"}}],\"inLanguage\":\"cs\"}]}<\/script>\n<!-- \/ Yoast SEO plugin. -->","yoast_head_json":{"title":"Z\u00e1sady ochrany osobn\u00edch \u00fadaj\u016f - Calumet","robots":{"index":"index","follow":"follow","max-snippet":"max-snippet:-1","max-image-preview":"max-image-preview:large","max-video-preview":"max-video-preview:-1"},"canonical":"https:\/\/calumet.info\/cs\/zasady-ochrany-osobnich-udaju\/","og_locale":"cs_CZ","og_type":"article","og_title":"Z\u00e1sady ochrany osobn\u00edch \u00fadaj\u016f - Calumet","og_description":"Z\u00e1sady ochrany osobn\u00edch \u00fadaj\u016f I OBECN\u00c1 USTANOVEN\u00cd Tyto z\u00e1sady ochrany osobn\u00edch \u00fadaj\u016f definuj\u00ed zp\u016fsob shroma\u017e\u010fov\u00e1n\u00ed, zpracov\u00e1n\u00ed a uchov\u00e1v\u00e1n\u00ed osobn\u00edch \u00fadaj\u016f","og_url":"https:\/\/calumet.info\/cs\/zasady-ochrany-osobnich-udaju\/","og_site_name":"Calumet","article_modified_time":"2025-03-06T13:39:12+00:00","twitter_card":"summary_large_image","twitter_misc":{"Odhadovan\u00e1 doba \u010dten\u00ed":"9 minut"},"schema":{"@context":"https:\/\/schema.org","@graph":[{"@type":"WebPage","@id":"https:\/\/calumet.info\/cs\/zasady-ochrany-osobnich-udaju\/","url":"https:\/\/calumet.info\/cs\/zasady-ochrany-osobnich-udaju\/","name":"Z\u00e1sady ochrany osobn\u00edch \u00fadaj\u016f - Calumet","isPartOf":{"@id":"https:\/\/calumet.info\/cs\/#website"},"datePublished":"2024-07-30T09:46:24+00:00","dateModified":"2025-03-06T13:39:12+00:00","breadcrumb":{"@id":"https:\/\/calumet.info\/cs\/zasady-ochrany-osobnich-udaju\/#breadcrumb"},"inLanguage":"cs","potentialAction":[{"@type":"ReadAction","target":["https:\/\/calumet.info\/cs\/zasady-ochrany-osobnich-udaju\/"]}]},{"@type":"BreadcrumbList","@id":"https:\/\/calumet.info\/cs\/zasady-ochrany-osobnich-udaju\/#breadcrumb","itemListElement":[{"@type":"ListItem","position":1,"name":"Strona g\u0142\u00f3wna","item":"https:\/\/calumet.info\/cs\/"},{"@type":"ListItem","position":2,"name":"Z\u00e1sady ochrany osobn\u00edch \u00fadaj\u016f"}]},{"@type":"WebSite","@id":"https:\/\/calumet.info\/cs\/#website","url":"https:\/\/calumet.info\/cs\/","name":"Calumet","description":"Opis strony","potentialAction":[{"@type":"SearchAction","target":{"@type":"EntryPoint","urlTemplate":"https:\/\/calumet.info\/cs\/?s={search_term_string}"},"query-input":{"@type":"PropertyValueSpecification","valueRequired":true,"valueName":"search_term_string"}}],"inLanguage":"cs"}]}},"_links":{"self":[{"href":"https:\/\/calumet.info\/cs\/wp-json\/wp\/v2\/pages\/23228","targetHints":{"allow":["GET"]}}],"collection":[{"href":"https:\/\/calumet.info\/cs\/wp-json\/wp\/v2\/pages"}],"about":[{"href":"https:\/\/calumet.info\/cs\/wp-json\/wp\/v2\/types\/page"}],"author":[{"embeddable":true,"href":"https:\/\/calumet.info\/cs\/wp-json\/wp\/v2\/users\/3"}],"replies":[{"embeddable":true,"href":"https:\/\/calumet.info\/cs\/wp-json\/wp\/v2\/comments?post=23228"}],"version-history":[{"count":7,"href":"https:\/\/calumet.info\/cs\/wp-json\/wp\/v2\/pages\/23228\/revisions"}],"predecessor-version":[{"id":23364,"href":"https:\/\/calumet.info\/cs\/wp-json\/wp\/v2\/pages\/23228\/revisions\/23364"}],"wp:attachment":[{"href":"https:\/\/calumet.info\/cs\/wp-json\/wp\/v2\/media?parent=23228"}],"curies":[{"name":"wp","href":"https:\/\/api.w.org\/{rel}","templated":true}]}}