{"id":23234,"date":"2022-11-30T16:08:51","date_gmt":"2022-11-30T16:08:51","guid":{"rendered":"https:\/\/calumet.info\/gdzie-kupic\/"},"modified":"2025-09-02T07:22:56","modified_gmt":"2025-09-02T07:22:56","slug":"kde-koupit","status":"publish","type":"page","link":"https:\/\/calumet.info\/cs\/kde-koupit\/","title":{"rendered":"Kde koupit?"},"content":{"rendered":"\t\t<div data-elementor-type=\"wp-page\" data-elementor-id=\"23234\" class=\"elementor elementor-23234 elementor-27\">\n\t\t\t\t<div class=\"wd-negative-gap elementor-element elementor-element-b6984ba e-flex e-con-boxed e-con e-parent\" data-id=\"b6984ba\" data-element_type=\"container\" data-e-type=\"container\" data-settings=\"{&quot;background_background&quot;:&quot;classic&quot;}\">\n\t\t\t\t\t<div class=\"e-con-inner\">\n\t\t\t\t<div class=\"elementor-element elementor-element-f8fc909 wd-width-100 elementor-widget elementor-widget-wd_title\" data-id=\"f8fc909\" data-element_type=\"widget\" data-e-type=\"widget\" data-widget_type=\"wd_title.default\">\n\t\t\t\t<div class=\"elementor-widget-container\">\n\t\t\t\t\t\t\t<div class=\"title-wrapper wd-set-mb reset-last-child wd-title-color-default wd-title-style-default wd-title-size-default text-center\">\n\n\t\t\t\n\t\t\t<div class=\"liner-continer\">\n\t\t\t\t<h4 class=\"woodmart-title-container title wd-fontsize-l\"><h1>Internetov\u00e9 obchody<\/h1><\/h4> \n\t\t\t\t\t\t\t<\/div>\n\n\t\t\t\t\t<\/div>\n\t\t\t\t\t\t<\/div>\n\t\t\t\t<\/div>\n\t\t\t\t\t<\/div>\n\t\t\t\t<\/div>\n\t\t<div class=\"wd-negative-gap elementor-element elementor-element-c1b9094 e-grid e-con-boxed e-con e-parent\" data-id=\"c1b9094\" data-element_type=\"container\" data-e-type=\"container\">\n\t\t\t\t\t<div class=\"e-con-inner\">\n\t\t\t\t<div class=\"elementor-element elementor-element-dc1d32e elementor-widget elementor-widget-wd_text_block\" data-id=\"dc1d32e\" data-element_type=\"widget\" data-e-type=\"widget\" data-widget_type=\"wd_text_block.default\">\n\t\t\t\t<div class=\"elementor-widget-container\">\n\t\t\t\t\t\t\t<div class=\"wd-text-block reset-last-child text-left\">\n\t\t\t\n\t\t\t<h3 style=\"text-align: center;\">Belgie<\/h3>\n\t\t\t\t\t<\/div>\n\t\t\t\t\t\t<\/div>\n\t\t\t\t<\/div>\n\t\t\t\t<div class=\"elementor-element elementor-element-d328c11 elementor-widget elementor-widget-wd_text_block\" data-id=\"d328c11\" data-element_type=\"widget\" data-e-type=\"widget\" data-widget_type=\"wd_text_block.default\">\n\t\t\t\t<div class=\"elementor-widget-container\">\n\t\t\t\t\t\t\t<div class=\"wd-text-block reset-last-child text-left\">\n\t\t\t\n\t\t\t<h3 style=\"text-align: center;\">\u010cesk\u00e1 republika<\/h3>\n\t\t\t\t\t<\/div>\n\t\t\t\t\t\t<\/div>\n\t\t\t\t<\/div>\n\t\t\t\t<div class=\"elementor-element elementor-element-28cd9a3 elementor-widget elementor-widget-wd_text_block\" data-id=\"28cd9a3\" data-element_type=\"widget\" data-e-type=\"widget\" data-widget_type=\"wd_text_block.default\">\n\t\t\t\t<div class=\"elementor-widget-container\">\n\t\t\t\t\t\t\t<div class=\"wd-text-block reset-last-child text-left\">\n\t\t\t\n\t\t\t<h3 style=\"text-align: center;\">N\u011bmecko<\/h3>\n\t\t\t\t\t<\/div>\n\t\t\t\t\t\t<\/div>\n\t\t\t\t<\/div>\n\t\t\t\t<div class=\"elementor-element elementor-element-83ec928 elementor-widget elementor-widget-wd_image_or_svg\" data-id=\"83ec928\" data-element_type=\"widget\" data-e-type=\"widget\" data-widget_type=\"wd_image_or_svg.default\">\n\t\t\t\t<div class=\"elementor-widget-container\">\n\t\t\t\t\t\n\t\t<div class=\"wd-image text-center\">\n\t\t\t\t\t\t\t<a  href=\"https:\/\/www.cameranu.be\/nl\" aria-label=\"Image link\">\n\t\t\t\t\t\t\t\t<img loading=\"lazy\" decoding=\"async\" width=\"300\" height=\"84\" src=\"https:\/\/calumet.info\/wp-content\/uploads\/2024\/07\/cameranu-logo-300x84-2.png\" class=\"attachment-full size-full\" alt=\"\" srcset=\"https:\/\/calumet.info\/wp-content\/uploads\/2024\/07\/cameranu-logo-300x84-2.png 300w, https:\/\/calumet.info\/wp-content\/uploads\/2024\/07\/cameranu-logo-300x84-2-150x42.png 150w\" sizes=\"auto, (max-width: 300px) 100vw, 300px\" \/>\t\t\t\t\t\t\t<\/a>\n\t\t\t\t\t<\/div>\n\n\t\t\t\t\t\t<\/div>\n\t\t\t\t<\/div>\n\t\t\t\t<div class=\"elementor-element elementor-element-211446c elementor-widget elementor-widget-wd_image_or_svg\" data-id=\"211446c\" data-element_type=\"widget\" data-e-type=\"widget\" data-widget_type=\"wd_image_or_svg.default\">\n\t\t\t\t<div class=\"elementor-widget-container\">\n\t\t\t\t\t\n\t\t<div class=\"wd-image text-center\">\n\t\t\t\t\t\t\t<a  href=\"https:\/\/www.megapixel.cz\/\" aria-label=\"Image link\">\n\t\t\t\t\t\t\t\t<img loading=\"lazy\" decoding=\"async\" width=\"190\" height=\"60\" src=\"https:\/\/calumet.info\/wp-content\/uploads\/2025\/09\/megapixel-1.png\" class=\"attachment-full size-full\" alt=\"\" srcset=\"https:\/\/calumet.info\/wp-content\/uploads\/2025\/09\/megapixel-1.png 190w, https:\/\/calumet.info\/wp-content\/uploads\/2025\/09\/megapixel-1-150x47.png 150w\" sizes=\"auto, (max-width: 190px) 100vw, 190px\" \/>\t\t\t\t\t\t\t<\/a>\n\t\t\t\t\t<\/div>\n\n\t\t\t\t\t\t<\/div>\n\t\t\t\t<\/div>\n\t\t\t\t<div class=\"elementor-element elementor-element-9d8b734 elementor-widget elementor-widget-wd_image_or_svg\" data-id=\"9d8b734\" data-element_type=\"widget\" data-e-type=\"widget\" data-widget_type=\"wd_image_or_svg.default\">\n\t\t\t\t<div class=\"elementor-widget-container\">\n\t\t\t\t\t\n\t\t<div class=\"wd-image text-center\">\n\t\t\t\t\t\t\t<a  href=\"https:\/\/www.calumet.de\/\" aria-label=\"Image link\">\n\t\t\t\t\t\t\t\t<img loading=\"lazy\" decoding=\"async\" width=\"300\" height=\"84\" src=\"https:\/\/calumet.info\/wp-content\/uploads\/2024\/07\/calumet-logo-300x84-1.png\" class=\"attachment-full size-full\" alt=\"\" srcset=\"https:\/\/calumet.info\/wp-content\/uploads\/2024\/07\/calumet-logo-300x84-1.png 300w, https:\/\/calumet.info\/wp-content\/uploads\/2024\/07\/calumet-logo-300x84-1-150x42.png 150w\" sizes=\"auto, (max-width: 300px) 100vw, 300px\" \/>\t\t\t\t\t\t\t<\/a>\n\t\t\t\t\t<\/div>\n\n\t\t\t\t\t\t<\/div>\n\t\t\t\t<\/div>\n\t\t\t\t\t<\/div>\n\t\t\t\t<\/div>\n\t\t<div class=\"wd-negative-gap elementor-element elementor-element-eef4a04 e-grid e-con-boxed e-con e-parent\" data-id=\"eef4a04\" data-element_type=\"container\" data-e-type=\"container\">\n\t\t\t\t\t<div class=\"e-con-inner\">\n\t\t\t\t<div class=\"elementor-element elementor-element-33f3aaf elementor-widget elementor-widget-wd_text_block\" data-id=\"33f3aaf\" data-element_type=\"widget\" data-e-type=\"widget\" data-widget_type=\"wd_text_block.default\">\n\t\t\t\t<div class=\"elementor-widget-container\">\n\t\t\t\t\t\t\t<div class=\"wd-text-block reset-last-child text-left\">\n\t\t\t\n\t\t\t<h3 style=\"text-align: center;\">Nizozemsko<\/h3>\n\t\t\t\t\t<\/div>\n\t\t\t\t\t\t<\/div>\n\t\t\t\t<\/div>\n\t\t\t\t<div class=\"elementor-element elementor-element-e1109e0 elementor-widget elementor-widget-wd_text_block\" data-id=\"e1109e0\" data-element_type=\"widget\" data-e-type=\"widget\" data-widget_type=\"wd_text_block.default\">\n\t\t\t\t<div class=\"elementor-widget-container\">\n\t\t\t\t\t\t\t<div class=\"wd-text-block reset-last-child text-left\">\n\t\t\t\n\t\t\t<h3 style=\"text-align: center;\">Polsko<\/h3>\n\t\t\t\t\t<\/div>\n\t\t\t\t\t\t<\/div>\n\t\t\t\t<\/div>\n\t\t\t\t<div class=\"elementor-element elementor-element-b8c754d elementor-widget elementor-widget-wd_text_block\" data-id=\"b8c754d\" data-element_type=\"widget\" data-e-type=\"widget\" data-widget_type=\"wd_text_block.default\">\n\t\t\t\t<div class=\"elementor-widget-container\">\n\t\t\t\t\t\t\t<div class=\"wd-text-block reset-last-child text-left\">\n\t\t\t\n\t\t\t<h3 style=\"text-align: center;\">Spojen\u00e9 kr\u00e1lovstv\u00ed<\/h3>\n\t\t\t\t\t<\/div>\n\t\t\t\t\t\t<\/div>\n\t\t\t\t<\/div>\n\t\t\t\t<div class=\"elementor-element elementor-element-29ff182 elementor-widget elementor-widget-wd_image_or_svg\" data-id=\"29ff182\" data-element_type=\"widget\" data-e-type=\"widget\" data-widget_type=\"wd_image_or_svg.default\">\n\t\t\t\t<div class=\"elementor-widget-container\">\n\t\t\t\t\t\n\t\t<div class=\"wd-image text-center\">\n\t\t\t\t\t\t\t<a  href=\"https:\/\/www.cameranu.nl\/\" aria-label=\"Image link\">\n\t\t\t\t\t\t\t\t<img loading=\"lazy\" decoding=\"async\" width=\"300\" height=\"84\" src=\"https:\/\/calumet.info\/wp-content\/uploads\/2024\/07\/cameranu-logo-300x84-2.png\" class=\"attachment-full size-full\" alt=\"\" srcset=\"https:\/\/calumet.info\/wp-content\/uploads\/2024\/07\/cameranu-logo-300x84-2.png 300w, https:\/\/calumet.info\/wp-content\/uploads\/2024\/07\/cameranu-logo-300x84-2-150x42.png 150w\" sizes=\"auto, (max-width: 300px) 100vw, 300px\" \/>\t\t\t\t\t\t\t<\/a>\n\t\t\t\t\t<\/div>\n\n\t\t\t\t\t\t<\/div>\n\t\t\t\t<\/div>\n\t\t\t\t<div class=\"elementor-element elementor-element-7df60e4 elementor-widget elementor-widget-wd_image_or_svg\" data-id=\"7df60e4\" data-element_type=\"widget\" data-e-type=\"widget\" data-widget_type=\"wd_image_or_svg.default\">\n\t\t\t\t<div class=\"elementor-widget-container\">\n\t\t\t\t\t\n\t\t<div class=\"wd-image text-center\">\n\t\t\t\t\t\t\t<a  href=\"https:\/\/www.cyfrowe.pl\/\" aria-label=\"Image link\">\n\t\t\t\t\t\t\t\t<img loading=\"lazy\" decoding=\"async\" width=\"300\" height=\"84\" src=\"https:\/\/calumet.info\/wp-content\/uploads\/2024\/08\/cyfrowe-logo.png\" class=\"attachment-full size-full\" alt=\"\" srcset=\"https:\/\/calumet.info\/wp-content\/uploads\/2024\/08\/cyfrowe-logo.png 300w, https:\/\/calumet.info\/wp-content\/uploads\/2024\/08\/cyfrowe-logo-150x42.png 150w\" sizes=\"auto, (max-width: 300px) 100vw, 300px\" \/>\t\t\t\t\t\t\t<\/a>\n\t\t\t\t\t<\/div>\n\n\t\t\t\t\t\t<\/div>\n\t\t\t\t<\/div>\n\t\t\t\t<div class=\"elementor-element elementor-element-78ff145 elementor-widget elementor-widget-wd_image_or_svg\" data-id=\"78ff145\" data-element_type=\"widget\" data-e-type=\"widget\" data-widget_type=\"wd_image_or_svg.default\">\n\t\t\t\t<div class=\"elementor-widget-container\">\n\t\t\t\t\t\n\t\t<div class=\"wd-image text-center\">\n\t\t\t\t\t\t\t<a  href=\"https:\/\/www.wexphotovideo.com\/\" aria-label=\"Image link\">\n\t\t\t\t\t\t\t\t<img loading=\"lazy\" decoding=\"async\" width=\"300\" height=\"84\" src=\"https:\/\/calumet.info\/wp-content\/uploads\/2024\/07\/wex-logo-300x84-1.png\" class=\"attachment-full size-full\" alt=\"\" srcset=\"https:\/\/calumet.info\/wp-content\/uploads\/2024\/07\/wex-logo-300x84-1.png 300w, https:\/\/calumet.info\/wp-content\/uploads\/2024\/07\/wex-logo-300x84-1-150x42.png 150w\" sizes=\"auto, (max-width: 300px) 100vw, 300px\" \/>\t\t\t\t\t\t\t<\/a>\n\t\t\t\t\t<\/div>\n\n\t\t\t\t\t\t<\/div>\n\t\t\t\t<\/div>\n\t\t\t\t\t<\/div>\n\t\t\t\t<\/div>\n\t\t<div class=\"wd-negative-gap elementor-element elementor-element-cd5f98b e-flex e-con-boxed e-con e-parent\" data-id=\"cd5f98b\" data-element_type=\"container\" data-e-type=\"container\">\n\t\t\t\t\t<div class=\"e-con-inner\">\n\t\t\t\t<div class=\"elementor-element elementor-element-c969fc6 elementor-hidden-mobile elementor-widget elementor-widget-spacer\" data-id=\"c969fc6\" data-element_type=\"widget\" data-e-type=\"widget\" data-widget_type=\"spacer.default\">\n\t\t\t\t<div class=\"elementor-widget-container\">\n\t\t\t\t\t\t\t<div class=\"elementor-spacer\">\n\t\t\t<div class=\"elementor-spacer-inner\"><\/div>\n\t\t<\/div>\n\t\t\t\t\t\t<\/div>\n\t\t\t\t<\/div>\n\t\t\t\t<div class=\"elementor-element elementor-element-55af9b8 wd-width-100 elementor-widget elementor-widget-wd_title\" data-id=\"55af9b8\" data-element_type=\"widget\" data-e-type=\"widget\" data-widget_type=\"wd_title.default\">\n\t\t\t\t<div class=\"elementor-widget-container\">\n\t\t\t\t\t\t\t<div class=\"title-wrapper wd-set-mb reset-last-child wd-title-color-default wd-title-style-default wd-title-size-default text-center\">\n\n\t\t\t\n\t\t\t<div class=\"liner-continer\">\n\t\t\t\t<h4 class=\"woodmart-title-container title wd-fontsize-l\"><h1>M\u00edsta prodejen - viz mapa<\/h1><\/h4> \n\t\t\t\t\t\t\t<\/div>\n\n\t\t\t\t\t<\/div>\n\t\t\t\t\t\t<\/div>\n\t\t\t\t<\/div>\n\t\t\t\t<div class=\"elementor-element elementor-element-91bbffe elementor-widget elementor-widget-wd_text_block\" data-id=\"91bbffe\" data-element_type=\"widget\" data-e-type=\"widget\" data-widget_type=\"wd_text_block.default\">\n\t\t\t\t<div class=\"elementor-widget-container\">\n\t\t\t\t\t\t\t<div class=\"wd-text-block reset-last-child text-left\">\n\t\t\t\n\t\t\t<style>\r\n\t#wpsl-stores .wpsl-store-thumb {height:45px !important; width:45px !important;}\r\n\t#wpsl-stores, #wpsl-direction-details, #wpsl-gmap {height:350px !important;}\r\n\t#wpsl-gmap .wpsl-info-window {max-width:225px !important;}\r\n\t.wpsl-input label, #wpsl-radius label, #wpsl-category label {width:95px;}\r\n\t#wpsl-search-input  {width:179px;}\r\n<\/style>\r\n<div id=\"wpsl-wrap\">\r\n\t<div class=\"wpsl-search wpsl-clearfix \">\r\n\t\t<div id=\"wpsl-search-wrap\">\r\n\t\t\t<form autocomplete=\"off\">\r\n\t\t\t<div class=\"wpsl-input\">\r\n\t\t\t\t<div><label for=\"wpsl-search-input\">Your location<\/label><\/div>\r\n\t\t\t\t<input id=\"wpsl-search-input\" type=\"text\" value=\"\" name=\"wpsl-search-input\" placeholder=\"\" aria-required=\"true\" \/>\r\n\t\t\t<\/div>\r\n\t\t\t<div class=\"wpsl-select-wrap\">\r\n\t\t\t\t<div id=\"wpsl-radius\">\r\n\t\t\t\t\t<label for=\"wpsl-radius-dropdown\">Search radius<\/label>\r\n\t\t\t\t\t<select id=\"wpsl-radius-dropdown\" class=\"wpsl-dropdown\" name=\"wpsl-radius\">\r\n\t\t\t\t\t\t<option value=\"10\">10 km<\/option><option value=\"25\">25 km<\/option><option selected=\"selected\" value=\"50\">50 km<\/option><option value=\"100\">100 km<\/option><option value=\"200\">200 km<\/option><option value=\"500\">500 km<\/option>\r\n\t\t\t\t\t<\/select>\r\n\t\t\t\t<\/div>\r\n\t\t\t\t<div id=\"wpsl-results\">\r\n\t\t\t\t\t<label for=\"wpsl-results-dropdown\">Results<\/label>\r\n\t\t\t\t\t<select id=\"wpsl-results-dropdown\" class=\"wpsl-dropdown\" name=\"wpsl-results\">\r\n\t\t\t\t\t\t<option selected=\"selected\" value=\"25\">25<\/option><option value=\"50\">50<\/option><option value=\"75\">75<\/option><option value=\"100\">100<\/option>\r\n\t\t\t\t\t<\/select>\r\n\t\t\t\t<\/div>\r\n\t\t\t<\/div>\r\n\t\t\t\t<div class=\"wpsl-search-btn-wrap\"><input id=\"wpsl-search-btn\" type=\"submit\" value=\"Search\"><\/div>\r\n\t\t<\/form>\r\n\t\t<\/div>\r\n\t<\/div>\r\n\t<div id=\"wpsl-gmap\" class=\"wpsl-gmap-canvas\"><\/div>\r\n\t<div id=\"wpsl-result-list\">\r\n\t\t<div id=\"wpsl-stores\" >\r\n\t\t\t<ul><\/ul>\r\n\t\t<\/div>\r\n\t\t<div id=\"wpsl-direction-details\">\r\n\t\t\t<ul><\/ul>\r\n\t\t<\/div>\r\n\t<\/div>\r\n<\/div>\r\n\n\t\t\t\t\t<\/div>\n\t\t\t\t\t\t<\/div>\n\t\t\t\t<\/div>\n\t\t\t\t\t<\/div>\n\t\t\t\t<\/div>\n\t\t\t\t<\/div>\n\t\t","protected":false},"excerpt":{"rendered":"<p>Internetov\u00e9 obchody Belgie \u010cesk\u00e1 republika N\u011bmecko Nizozemsko Polsko Spojen\u00e9 kr\u00e1lovstv\u00ed M\u00edsta prodejen &#8211; viz mapa Twoja lokalizacja Promie\u0144 wyszukiwania 10<\/p>\n","protected":false},"author":1,"featured_media":0,"parent":0,"menu_order":0,"comment_status":"closed","ping_status":"closed","template":"","meta":{"footnotes":""},"class_list":["post-23234","page","type-page","status-publish","hentry"],"yoast_head":"<!-- This site is optimized with the Yoast SEO plugin v27.2 - https:\/\/yoast.com\/product\/yoast-seo-wordpress\/ -->\n<title>Kde koupit? - Calumet<\/title>\n<meta name=\"robots\" content=\"index, follow, max-snippet:-1, max-image-preview:large, max-video-preview:-1\" \/>\n<link rel=\"canonical\" href=\"https:\/\/calumet.info\/cs\/kde-koupit\/\" \/>\n<meta property=\"og:locale\" content=\"cs_CZ\" \/>\n<meta property=\"og:type\" content=\"article\" \/>\n<meta property=\"og:title\" content=\"Kde koupit? - Calumet\" \/>\n<meta property=\"og:description\" content=\"Internetov\u00e9 obchody Belgie \u010cesk\u00e1 republika N\u011bmecko Nizozemsko Polsko Spojen\u00e9 kr\u00e1lovstv\u00ed M\u00edsta prodejen &#8211; viz mapa Twoja lokalizacja Promie\u0144 wyszukiwania 10\" \/>\n<meta property=\"og:url\" content=\"https:\/\/calumet.info\/cs\/kde-koupit\/\" \/>\n<meta property=\"og:site_name\" content=\"Calumet\" \/>\n<meta property=\"article:modified_time\" content=\"2025-09-02T07:22:56+00:00\" \/>\n<meta property=\"og:image\" content=\"https:\/\/calumet.info\/wp-content\/uploads\/2024\/07\/cameranu-logo-300x84-2.png\" \/>\n<meta name=\"twitter:card\" content=\"summary_large_image\" \/>\n<meta name=\"twitter:label1\" content=\"Odhadovan\u00e1 doba \u010dten\u00ed\" \/>\n\t<meta name=\"twitter:data1\" content=\"2 minuty\" \/>\n<script type=\"application\/ld+json\" class=\"yoast-schema-graph\">{\"@context\":\"https:\/\/schema.org\",\"@graph\":[{\"@type\":\"WebPage\",\"@id\":\"https:\/\/calumet.info\/cs\/kde-koupit\/\",\"url\":\"https:\/\/calumet.info\/cs\/kde-koupit\/\",\"name\":\"Kde koupit? - Calumet\",\"isPartOf\":{\"@id\":\"https:\/\/calumet.info\/cs\/#website\"},\"primaryImageOfPage\":{\"@id\":\"https:\/\/calumet.info\/cs\/kde-koupit\/#primaryimage\"},\"image\":{\"@id\":\"https:\/\/calumet.info\/cs\/kde-koupit\/#primaryimage\"},\"thumbnailUrl\":\"https:\/\/calumet.info\/wp-content\/uploads\/2024\/07\/cameranu-logo-300x84-2.png\",\"datePublished\":\"2022-11-30T16:08:51+00:00\",\"dateModified\":\"2025-09-02T07:22:56+00:00\",\"breadcrumb\":{\"@id\":\"https:\/\/calumet.info\/cs\/kde-koupit\/#breadcrumb\"},\"inLanguage\":\"cs\",\"potentialAction\":[{\"@type\":\"ReadAction\",\"target\":[\"https:\/\/calumet.info\/cs\/kde-koupit\/\"]}]},{\"@type\":\"ImageObject\",\"inLanguage\":\"cs\",\"@id\":\"https:\/\/calumet.info\/cs\/kde-koupit\/#primaryimage\",\"url\":\"https:\/\/calumet.info\/wp-content\/uploads\/2024\/07\/cameranu-logo-300x84-2.png\",\"contentUrl\":\"https:\/\/calumet.info\/wp-content\/uploads\/2024\/07\/cameranu-logo-300x84-2.png\"},{\"@type\":\"BreadcrumbList\",\"@id\":\"https:\/\/calumet.info\/cs\/kde-koupit\/#breadcrumb\",\"itemListElement\":[{\"@type\":\"ListItem\",\"position\":1,\"name\":\"Strona g\u0142\u00f3wna\",\"item\":\"https:\/\/calumet.info\/cs\/\"},{\"@type\":\"ListItem\",\"position\":2,\"name\":\"Kde koupit?\"}]},{\"@type\":\"WebSite\",\"@id\":\"https:\/\/calumet.info\/cs\/#website\",\"url\":\"https:\/\/calumet.info\/cs\/\",\"name\":\"Calumet\",\"description\":\"Opis strony\",\"potentialAction\":[{\"@type\":\"SearchAction\",\"target\":{\"@type\":\"EntryPoint\",\"urlTemplate\":\"https:\/\/calumet.info\/cs\/?s={search_term_string}\"},\"query-input\":{\"@type\":\"PropertyValueSpecification\",\"valueRequired\":true,\"valueName\":\"search_term_string\"}}],\"inLanguage\":\"cs\"}]}<\/script>\n<!-- \/ Yoast SEO plugin. -->","yoast_head_json":{"title":"Kde koupit? - Calumet","robots":{"index":"index","follow":"follow","max-snippet":"max-snippet:-1","max-image-preview":"max-image-preview:large","max-video-preview":"max-video-preview:-1"},"canonical":"https:\/\/calumet.info\/cs\/kde-koupit\/","og_locale":"cs_CZ","og_type":"article","og_title":"Kde koupit? - Calumet","og_description":"Internetov\u00e9 obchody Belgie \u010cesk\u00e1 republika N\u011bmecko Nizozemsko Polsko Spojen\u00e9 kr\u00e1lovstv\u00ed M\u00edsta prodejen &#8211; viz mapa Twoja lokalizacja Promie\u0144 wyszukiwania 10","og_url":"https:\/\/calumet.info\/cs\/kde-koupit\/","og_site_name":"Calumet","article_modified_time":"2025-09-02T07:22:56+00:00","og_image":[{"url":"https:\/\/calumet.info\/wp-content\/uploads\/2024\/07\/cameranu-logo-300x84-2.png","type":"","width":"","height":""}],"twitter_card":"summary_large_image","twitter_misc":{"Odhadovan\u00e1 doba \u010dten\u00ed":"2 minuty"},"schema":{"@context":"https:\/\/schema.org","@graph":[{"@type":"WebPage","@id":"https:\/\/calumet.info\/cs\/kde-koupit\/","url":"https:\/\/calumet.info\/cs\/kde-koupit\/","name":"Kde koupit? - Calumet","isPartOf":{"@id":"https:\/\/calumet.info\/cs\/#website"},"primaryImageOfPage":{"@id":"https:\/\/calumet.info\/cs\/kde-koupit\/#primaryimage"},"image":{"@id":"https:\/\/calumet.info\/cs\/kde-koupit\/#primaryimage"},"thumbnailUrl":"https:\/\/calumet.info\/wp-content\/uploads\/2024\/07\/cameranu-logo-300x84-2.png","datePublished":"2022-11-30T16:08:51+00:00","dateModified":"2025-09-02T07:22:56+00:00","breadcrumb":{"@id":"https:\/\/calumet.info\/cs\/kde-koupit\/#breadcrumb"},"inLanguage":"cs","potentialAction":[{"@type":"ReadAction","target":["https:\/\/calumet.info\/cs\/kde-koupit\/"]}]},{"@type":"ImageObject","inLanguage":"cs","@id":"https:\/\/calumet.info\/cs\/kde-koupit\/#primaryimage","url":"https:\/\/calumet.info\/wp-content\/uploads\/2024\/07\/cameranu-logo-300x84-2.png","contentUrl":"https:\/\/calumet.info\/wp-content\/uploads\/2024\/07\/cameranu-logo-300x84-2.png"},{"@type":"BreadcrumbList","@id":"https:\/\/calumet.info\/cs\/kde-koupit\/#breadcrumb","itemListElement":[{"@type":"ListItem","position":1,"name":"Strona g\u0142\u00f3wna","item":"https:\/\/calumet.info\/cs\/"},{"@type":"ListItem","position":2,"name":"Kde koupit?"}]},{"@type":"WebSite","@id":"https:\/\/calumet.info\/cs\/#website","url":"https:\/\/calumet.info\/cs\/","name":"Calumet","description":"Opis strony","potentialAction":[{"@type":"SearchAction","target":{"@type":"EntryPoint","urlTemplate":"https:\/\/calumet.info\/cs\/?s={search_term_string}"},"query-input":{"@type":"PropertyValueSpecification","valueRequired":true,"valueName":"search_term_string"}}],"inLanguage":"cs"}]}},"_links":{"self":[{"href":"https:\/\/calumet.info\/cs\/wp-json\/wp\/v2\/pages\/23234","targetHints":{"allow":["GET"]}}],"collection":[{"href":"https:\/\/calumet.info\/cs\/wp-json\/wp\/v2\/pages"}],"about":[{"href":"https:\/\/calumet.info\/cs\/wp-json\/wp\/v2\/types\/page"}],"author":[{"embeddable":true,"href":"https:\/\/calumet.info\/cs\/wp-json\/wp\/v2\/users\/1"}],"replies":[{"embeddable":true,"href":"https:\/\/calumet.info\/cs\/wp-json\/wp\/v2\/comments?post=23234"}],"version-history":[{"count":10,"href":"https:\/\/calumet.info\/cs\/wp-json\/wp\/v2\/pages\/23234\/revisions"}],"predecessor-version":[{"id":25844,"href":"https:\/\/calumet.info\/cs\/wp-json\/wp\/v2\/pages\/23234\/revisions\/25844"}],"wp:attachment":[{"href":"https:\/\/calumet.info\/cs\/wp-json\/wp\/v2\/media?parent=23234"}],"curies":[{"name":"wp","href":"https:\/\/api.w.org\/{rel}","templated":true}]}}