{"id":15166,"date":"2022-11-30T16:08:51","date_gmt":"2022-11-30T16:08:51","guid":{"rendered":"http:\/\/calumet.info\/gdzie-kupic\/"},"modified":"2025-09-02T07:03:38","modified_gmt":"2025-09-02T07:03:38","slug":"handelspartner","status":"publish","type":"page","link":"https:\/\/calumet.info\/de\/handelspartner\/","title":{"rendered":"Handelspartner"},"content":{"rendered":"\t\t<div data-elementor-type=\"wp-page\" data-elementor-id=\"15166\" class=\"elementor elementor-15166 elementor-27\">\n\t\t\t\t<div class=\"wd-negative-gap elementor-element elementor-element-b6984ba e-flex e-con-boxed e-con e-parent\" data-id=\"b6984ba\" data-element_type=\"container\" data-e-type=\"container\" data-settings=\"{&quot;background_background&quot;:&quot;classic&quot;}\">\n\t\t\t\t\t<div class=\"e-con-inner\">\n\t\t\t\t<div class=\"elementor-element elementor-element-f8fc909 wd-width-100 elementor-widget elementor-widget-wd_title\" data-id=\"f8fc909\" data-element_type=\"widget\" data-e-type=\"widget\" data-widget_type=\"wd_title.default\">\n\t\t\t\t<div class=\"elementor-widget-container\">\n\t\t\t\t\t\t\t<div class=\"title-wrapper wd-set-mb reset-last-child wd-title-color-default wd-title-style-default wd-title-size-default text-center\">\n\n\t\t\t\n\t\t\t<div class=\"liner-continer\">\n\t\t\t\t<h4 class=\"woodmart-title-container title wd-fontsize-l\"><h1>Online-shops<\/h1><\/h4> \n\t\t\t\t\t\t\t<\/div>\n\n\t\t\t\t\t<\/div>\n\t\t\t\t\t\t<\/div>\n\t\t\t\t<\/div>\n\t\t\t\t\t<\/div>\n\t\t\t\t<\/div>\n\t\t<div class=\"wd-negative-gap elementor-element elementor-element-7d878c2 elementor-hidden-desktop elementor-hidden-tablet e-flex e-con-boxed e-con e-parent\" data-id=\"7d878c2\" data-element_type=\"container\" data-e-type=\"container\">\n\t\t\t\t\t<div class=\"e-con-inner\">\n\t\t<div class=\"elementor-element elementor-element-1e7c5c9 e-grid e-con-full e-con e-child\" data-id=\"1e7c5c9\" data-element_type=\"container\" data-e-type=\"container\">\n\t\t\t\t<div class=\"elementor-element elementor-element-58c0c43 elementor-widget elementor-widget-wd_text_block\" data-id=\"58c0c43\" data-element_type=\"widget\" data-e-type=\"widget\" data-widget_type=\"wd_text_block.default\">\n\t\t\t\t<div class=\"elementor-widget-container\">\n\t\t\t\t\t\t\t<div class=\"wd-text-block reset-last-child text-left\">\n\t\t\t\n\t\t\t<h3 style=\"text-align: center;\">Belgien<\/h3>\n\t\t\t\t\t<\/div>\n\t\t\t\t\t\t<\/div>\n\t\t\t\t<\/div>\n\t\t\t\t<div class=\"elementor-element elementor-element-a8be0f1 elementor-widget elementor-widget-wd_image_or_svg\" data-id=\"a8be0f1\" data-element_type=\"widget\" data-e-type=\"widget\" data-widget_type=\"wd_image_or_svg.default\">\n\t\t\t\t<div class=\"elementor-widget-container\">\n\t\t\t\t\t\n\t\t<div class=\"wd-image text-center\">\n\t\t\t\t\t\t\t<a  href=\"https:\/\/www.cameranu.be\/\" target=\"_blank\" rel=\"nofollow noopener\" aria-label=\"Image link\">\n\t\t\t\t\t\t\t\t<img loading=\"lazy\" decoding=\"async\" width=\"200\" height=\"56\" src=\"https:\/\/calumet.info\/wp-content\/uploads\/2024\/07\/cameranu-logo-300x84-2.png\" class=\"attachment-200x100 size-200x100\" alt=\"\" srcset=\"https:\/\/calumet.info\/wp-content\/uploads\/2024\/07\/cameranu-logo-300x84-2.png 300w, https:\/\/calumet.info\/wp-content\/uploads\/2024\/07\/cameranu-logo-300x84-2-150x42.png 150w\" sizes=\"auto, (max-width: 200px) 100vw, 200px\" \/>\t\t\t\t\t\t\t<\/a>\n\t\t\t\t\t<\/div>\n\n\t\t\t\t\t\t<\/div>\n\t\t\t\t<\/div>\n\t\t\t\t<div class=\"elementor-element elementor-element-95df61a elementor-widget elementor-widget-wd_text_block\" data-id=\"95df61a\" data-element_type=\"widget\" data-e-type=\"widget\" data-widget_type=\"wd_text_block.default\">\n\t\t\t\t<div class=\"elementor-widget-container\">\n\t\t\t\t\t\t\t<div class=\"wd-text-block reset-last-child text-left\">\n\t\t\t\n\t\t\t<h3 style=\"text-align: center;\">Deutschland<\/h3>\n\t\t\t\t\t<\/div>\n\t\t\t\t\t\t<\/div>\n\t\t\t\t<\/div>\n\t\t\t\t<div class=\"elementor-element elementor-element-d24ba97 elementor-widget elementor-widget-wd_image_or_svg\" data-id=\"d24ba97\" data-element_type=\"widget\" data-e-type=\"widget\" data-widget_type=\"wd_image_or_svg.default\">\n\t\t\t\t<div class=\"elementor-widget-container\">\n\t\t\t\t\t\n\t\t<div class=\"wd-image text-center\">\n\t\t\t\t\t\t\t<a  href=\"https:\/\/www.calumetphoto.de\/\" target=\"_blank\" rel=\"nofollow noopener\" aria-label=\"Image link\">\n\t\t\t\t\t\t\t\t<img loading=\"lazy\" decoding=\"async\" width=\"200\" height=\"56\" src=\"https:\/\/calumet.info\/wp-content\/uploads\/2024\/07\/calumet-logo-300x84-1.png\" class=\"attachment-200x100 size-200x100\" alt=\"\" srcset=\"https:\/\/calumet.info\/wp-content\/uploads\/2024\/07\/calumet-logo-300x84-1.png 300w, https:\/\/calumet.info\/wp-content\/uploads\/2024\/07\/calumet-logo-300x84-1-150x42.png 150w\" sizes=\"auto, (max-width: 200px) 100vw, 200px\" \/>\t\t\t\t\t\t\t<\/a>\n\t\t\t\t\t<\/div>\n\n\t\t\t\t\t\t<\/div>\n\t\t\t\t<\/div>\n\t\t\t\t<div class=\"elementor-element elementor-element-e48b945 elementor-widget elementor-widget-wd_text_block\" data-id=\"e48b945\" data-element_type=\"widget\" data-e-type=\"widget\" data-widget_type=\"wd_text_block.default\">\n\t\t\t\t<div class=\"elementor-widget-container\">\n\t\t\t\t\t\t\t<div class=\"wd-text-block reset-last-child text-left\">\n\t\t\t\n\t\t\t<h3 style=\"text-align: center;\">Niederlande<\/h3>\n\t\t\t\t\t<\/div>\n\t\t\t\t\t\t<\/div>\n\t\t\t\t<\/div>\n\t\t\t\t<div class=\"elementor-element elementor-element-934dbdd elementor-widget elementor-widget-wd_image_or_svg\" data-id=\"934dbdd\" data-element_type=\"widget\" data-e-type=\"widget\" data-widget_type=\"wd_image_or_svg.default\">\n\t\t\t\t<div class=\"elementor-widget-container\">\n\t\t\t\t\t\n\t\t<div class=\"wd-image text-center\">\n\t\t\t\t\t\t\t<a  href=\"https:\/\/www.cameranu.nl\/\" target=\"_blank\" rel=\"nofollow noopener\" aria-label=\"Image link\">\n\t\t\t\t\t\t\t\t<img loading=\"lazy\" decoding=\"async\" width=\"200\" height=\"56\" src=\"https:\/\/calumet.info\/wp-content\/uploads\/2024\/07\/cameranu-logo-300x84-2.png\" class=\"attachment-200x100 size-200x100\" alt=\"\" srcset=\"https:\/\/calumet.info\/wp-content\/uploads\/2024\/07\/cameranu-logo-300x84-2.png 300w, https:\/\/calumet.info\/wp-content\/uploads\/2024\/07\/cameranu-logo-300x84-2-150x42.png 150w\" sizes=\"auto, (max-width: 200px) 100vw, 200px\" \/>\t\t\t\t\t\t\t<\/a>\n\t\t\t\t\t<\/div>\n\n\t\t\t\t\t\t<\/div>\n\t\t\t\t<\/div>\n\t\t\t\t<div class=\"elementor-element elementor-element-c7f9eb6 elementor-widget elementor-widget-wd_text_block\" data-id=\"c7f9eb6\" data-element_type=\"widget\" data-e-type=\"widget\" data-widget_type=\"wd_text_block.default\">\n\t\t\t\t<div class=\"elementor-widget-container\">\n\t\t\t\t\t\t\t<div class=\"wd-text-block reset-last-child text-left\">\n\t\t\t\n\t\t\t<h3 style=\"text-align: center;\">Gro\u00dfbritannien<\/h3>\n\t\t\t\t\t<\/div>\n\t\t\t\t\t\t<\/div>\n\t\t\t\t<\/div>\n\t\t\t\t<div class=\"elementor-element elementor-element-73825c6 elementor-widget elementor-widget-wd_image_or_svg\" data-id=\"73825c6\" data-element_type=\"widget\" data-e-type=\"widget\" data-widget_type=\"wd_image_or_svg.default\">\n\t\t\t\t<div class=\"elementor-widget-container\">\n\t\t\t\t\t\n\t\t<div class=\"wd-image text-center\">\n\t\t\t\t\t\t\t<a  href=\"https:\/\/www.wexphotovideo.com\/\" target=\"_blank\" rel=\"nofollow noopener\" aria-label=\"Image link\">\n\t\t\t\t\t\t\t\t<img loading=\"lazy\" decoding=\"async\" width=\"200\" height=\"56\" src=\"https:\/\/calumet.info\/wp-content\/uploads\/2024\/07\/wex-logo-300x84-1.png\" class=\"attachment-200x100 size-200x100\" alt=\"\" srcset=\"https:\/\/calumet.info\/wp-content\/uploads\/2024\/07\/wex-logo-300x84-1.png 300w, https:\/\/calumet.info\/wp-content\/uploads\/2024\/07\/wex-logo-300x84-1-150x42.png 150w\" sizes=\"auto, (max-width: 200px) 100vw, 200px\" \/>\t\t\t\t\t\t\t<\/a>\n\t\t\t\t\t<\/div>\n\n\t\t\t\t\t\t<\/div>\n\t\t\t\t<\/div>\n\t\t\t\t<\/div>\n\t\t\t\t\t<\/div>\n\t\t\t\t<\/div>\n\t\t<div class=\"wd-negative-gap elementor-element elementor-element-b6b1653 e-grid elementor-hidden-mobile e-con-boxed e-con e-parent\" data-id=\"b6b1653\" data-element_type=\"container\" data-e-type=\"container\">\n\t\t\t\t\t<div class=\"e-con-inner\">\n\t\t\t\t<div class=\"elementor-element elementor-element-068d239 elementor-widget elementor-widget-wd_text_block\" data-id=\"068d239\" data-element_type=\"widget\" data-e-type=\"widget\" data-widget_type=\"wd_text_block.default\">\n\t\t\t\t<div class=\"elementor-widget-container\">\n\t\t\t\t\t\t\t<div class=\"wd-text-block reset-last-child text-left\">\n\t\t\t\n\t\t\t<h3 style=\"text-align: center;\">Belgien<\/h3>\n\t\t\t\t\t<\/div>\n\t\t\t\t\t\t<\/div>\n\t\t\t\t<\/div>\n\t\t\t\t<div class=\"elementor-element elementor-element-9f9f275 elementor-widget elementor-widget-wd_text_block\" data-id=\"9f9f275\" data-element_type=\"widget\" data-e-type=\"widget\" data-widget_type=\"wd_text_block.default\">\n\t\t\t\t<div class=\"elementor-widget-container\">\n\t\t\t\t\t\t\t<div class=\"wd-text-block reset-last-child text-left\">\n\t\t\t\n\t\t\t<h3 style=\"text-align: center;\">Deutschland<\/h3>\n\t\t\t\t\t<\/div>\n\t\t\t\t\t\t<\/div>\n\t\t\t\t<\/div>\n\t\t\t\t<div class=\"elementor-element elementor-element-a046c06 elementor-widget elementor-widget-wd_text_block\" data-id=\"a046c06\" data-element_type=\"widget\" data-e-type=\"widget\" data-widget_type=\"wd_text_block.default\">\n\t\t\t\t<div class=\"elementor-widget-container\">\n\t\t\t\t\t\t\t<div class=\"wd-text-block reset-last-child text-left\">\n\t\t\t\n\t\t\t<h3 style=\"text-align: center;\">Niederlande<\/h3>\n\t\t\t\t\t<\/div>\n\t\t\t\t\t\t<\/div>\n\t\t\t\t<\/div>\n\t\t\t\t<div class=\"elementor-element elementor-element-7bc25de elementor-widget elementor-widget-wd_text_block\" data-id=\"7bc25de\" data-element_type=\"widget\" data-e-type=\"widget\" data-widget_type=\"wd_text_block.default\">\n\t\t\t\t<div class=\"elementor-widget-container\">\n\t\t\t\t\t\t\t<div class=\"wd-text-block reset-last-child text-left\">\n\t\t\t\n\t\t\t<h3 style=\"text-align: center;\">Gro\u00dfbritannien<\/h3>\n\t\t\t\t\t<\/div>\n\t\t\t\t\t\t<\/div>\n\t\t\t\t<\/div>\n\t\t\t\t<div class=\"elementor-element elementor-element-e3035a8 elementor-widget elementor-widget-wd_image_or_svg\" data-id=\"e3035a8\" data-element_type=\"widget\" data-e-type=\"widget\" data-widget_type=\"wd_image_or_svg.default\">\n\t\t\t\t<div class=\"elementor-widget-container\">\n\t\t\t\t\t\n\t\t<div class=\"wd-image text-center\">\n\t\t\t\t\t\t\t<a  href=\"https:\/\/www.cameranu.be\/\" target=\"_blank\" rel=\"nofollow noopener\" aria-label=\"Image link\">\n\t\t\t\t\t\t\t\t<img loading=\"lazy\" decoding=\"async\" width=\"300\" height=\"84\" src=\"https:\/\/calumet.info\/wp-content\/uploads\/2024\/07\/cameranu-logo-300x84-2.png\" class=\"attachment-full size-full\" alt=\"\" srcset=\"https:\/\/calumet.info\/wp-content\/uploads\/2024\/07\/cameranu-logo-300x84-2.png 300w, https:\/\/calumet.info\/wp-content\/uploads\/2024\/07\/cameranu-logo-300x84-2-150x42.png 150w\" sizes=\"auto, (max-width: 300px) 100vw, 300px\" \/>\t\t\t\t\t\t\t<\/a>\n\t\t\t\t\t<\/div>\n\n\t\t\t\t\t\t<\/div>\n\t\t\t\t<\/div>\n\t\t\t\t<div class=\"elementor-element elementor-element-b365d1e elementor-widget elementor-widget-wd_image_or_svg\" data-id=\"b365d1e\" data-element_type=\"widget\" data-e-type=\"widget\" data-widget_type=\"wd_image_or_svg.default\">\n\t\t\t\t<div class=\"elementor-widget-container\">\n\t\t\t\t\t\n\t\t<div class=\"wd-image text-center\">\n\t\t\t\t\t\t\t<a  href=\"https:\/\/www.calumet.de\/\" target=\"_blank\" rel=\"nofollow noopener\" aria-label=\"Image link\">\n\t\t\t\t\t\t\t\t<img loading=\"lazy\" decoding=\"async\" width=\"300\" height=\"84\" src=\"https:\/\/calumet.info\/wp-content\/uploads\/2024\/07\/calumet-logo-300x84-1.png\" class=\"attachment-full size-full\" alt=\"\" srcset=\"https:\/\/calumet.info\/wp-content\/uploads\/2024\/07\/calumet-logo-300x84-1.png 300w, https:\/\/calumet.info\/wp-content\/uploads\/2024\/07\/calumet-logo-300x84-1-150x42.png 150w\" sizes=\"auto, (max-width: 300px) 100vw, 300px\" \/>\t\t\t\t\t\t\t<\/a>\n\t\t\t\t\t<\/div>\n\n\t\t\t\t\t\t<\/div>\n\t\t\t\t<\/div>\n\t\t\t\t<div class=\"elementor-element elementor-element-fdd0c9a elementor-widget elementor-widget-wd_image_or_svg\" data-id=\"fdd0c9a\" data-element_type=\"widget\" data-e-type=\"widget\" data-widget_type=\"wd_image_or_svg.default\">\n\t\t\t\t<div class=\"elementor-widget-container\">\n\t\t\t\t\t\n\t\t<div class=\"wd-image text-center\">\n\t\t\t\t\t\t\t<a  href=\"https:\/\/www.cameranu.nl\/\" target=\"_blank\" rel=\"nofollow noopener\" aria-label=\"Image link\">\n\t\t\t\t\t\t\t\t<img loading=\"lazy\" decoding=\"async\" width=\"300\" height=\"84\" src=\"https:\/\/calumet.info\/wp-content\/uploads\/2024\/07\/cameranu-logo-300x84-2.png\" class=\"attachment-full size-full\" alt=\"\" srcset=\"https:\/\/calumet.info\/wp-content\/uploads\/2024\/07\/cameranu-logo-300x84-2.png 300w, https:\/\/calumet.info\/wp-content\/uploads\/2024\/07\/cameranu-logo-300x84-2-150x42.png 150w\" sizes=\"auto, (max-width: 300px) 100vw, 300px\" \/>\t\t\t\t\t\t\t<\/a>\n\t\t\t\t\t<\/div>\n\n\t\t\t\t\t\t<\/div>\n\t\t\t\t<\/div>\n\t\t\t\t<div class=\"elementor-element elementor-element-5bf5786 elementor-widget elementor-widget-wd_image_or_svg\" data-id=\"5bf5786\" data-element_type=\"widget\" data-e-type=\"widget\" data-widget_type=\"wd_image_or_svg.default\">\n\t\t\t\t<div class=\"elementor-widget-container\">\n\t\t\t\t\t\n\t\t<div class=\"wd-image text-center\">\n\t\t\t\t\t\t\t<a  href=\"https:\/\/www.wexphotovideo.com\/\" target=\"_blank\" rel=\"nofollow noopener\" aria-label=\"Image link\">\n\t\t\t\t\t\t\t\t<img loading=\"lazy\" decoding=\"async\" width=\"300\" height=\"84\" src=\"https:\/\/calumet.info\/wp-content\/uploads\/2024\/07\/wex-logo-300x84-1.png\" class=\"attachment-full size-full\" alt=\"\" srcset=\"https:\/\/calumet.info\/wp-content\/uploads\/2024\/07\/wex-logo-300x84-1.png 300w, https:\/\/calumet.info\/wp-content\/uploads\/2024\/07\/wex-logo-300x84-1-150x42.png 150w\" sizes=\"auto, (max-width: 300px) 100vw, 300px\" \/>\t\t\t\t\t\t\t<\/a>\n\t\t\t\t\t<\/div>\n\n\t\t\t\t\t\t<\/div>\n\t\t\t\t<\/div>\n\t\t\t\t\t<\/div>\n\t\t\t\t<\/div>\n\t\t<div class=\"wd-negative-gap elementor-element elementor-element-cd5f98b e-flex e-con-boxed e-con e-parent\" data-id=\"cd5f98b\" data-element_type=\"container\" data-e-type=\"container\">\n\t\t\t\t\t<div class=\"e-con-inner\">\n\t\t\t\t<div class=\"elementor-element elementor-element-c969fc6 elementor-widget elementor-widget-spacer\" data-id=\"c969fc6\" data-element_type=\"widget\" data-e-type=\"widget\" data-widget_type=\"spacer.default\">\n\t\t\t\t<div class=\"elementor-widget-container\">\n\t\t\t\t\t\t\t<div class=\"elementor-spacer\">\n\t\t\t<div class=\"elementor-spacer-inner\"><\/div>\n\t\t<\/div>\n\t\t\t\t\t\t<\/div>\n\t\t\t\t<\/div>\n\t\t\t\t<div class=\"elementor-element elementor-element-55af9b8 wd-width-100 elementor-widget elementor-widget-wd_title\" data-id=\"55af9b8\" data-element_type=\"widget\" data-e-type=\"widget\" data-widget_type=\"wd_title.default\">\n\t\t\t\t<div class=\"elementor-widget-container\">\n\t\t\t\t\t\t\t<div class=\"title-wrapper wd-set-mb reset-last-child wd-title-color-default wd-title-style-default wd-title-size-default text-center\">\n\n\t\t\t\n\t\t\t<div class=\"liner-continer\">\n\t\t\t\t<h4 class=\"woodmart-title-container title wd-fontsize-l\"><h1>Station\u00e4re Gesch\u00e4fte \u2013 siehe Karte<\/h1><\/h4> \n\t\t\t\t\t\t\t<\/div>\n\n\t\t\t\t\t<\/div>\n\t\t\t\t\t\t<\/div>\n\t\t\t\t<\/div>\n\t\t\t\t<div class=\"elementor-element elementor-element-91bbffe elementor-widget elementor-widget-wd_text_block\" data-id=\"91bbffe\" data-element_type=\"widget\" data-e-type=\"widget\" data-widget_type=\"wd_text_block.default\">\n\t\t\t\t<div class=\"elementor-widget-container\">\n\t\t\t\t\t\t\t<div class=\"wd-text-block reset-last-child text-left\">\n\t\t\t\n\t\t\t<style>\r\n\t#wpsl-stores .wpsl-store-thumb {height:45px !important; width:45px !important;}\r\n\t#wpsl-stores, #wpsl-direction-details, #wpsl-gmap {height:350px !important;}\r\n\t#wpsl-gmap .wpsl-info-window {max-width:225px !important;}\r\n\t.wpsl-input label, #wpsl-radius label, #wpsl-category label {width:95px;}\r\n\t#wpsl-search-input  {width:179px;}\r\n<\/style>\r\n<div id=\"wpsl-wrap\">\r\n\t<div class=\"wpsl-search wpsl-clearfix \">\r\n\t\t<div id=\"wpsl-search-wrap\">\r\n\t\t\t<form autocomplete=\"off\">\r\n\t\t\t<div class=\"wpsl-input\">\r\n\t\t\t\t<div><label for=\"wpsl-search-input\">Dein Standort<\/label><\/div>\r\n\t\t\t\t<input id=\"wpsl-search-input\" type=\"text\" value=\"\" name=\"wpsl-search-input\" placeholder=\"\" aria-required=\"true\" \/>\r\n\t\t\t<\/div>\r\n\t\t\t<div class=\"wpsl-select-wrap\">\r\n\t\t\t\t<div id=\"wpsl-radius\">\r\n\t\t\t\t\t<label for=\"wpsl-radius-dropdown\">Suchradius<\/label>\r\n\t\t\t\t\t<select id=\"wpsl-radius-dropdown\" class=\"wpsl-dropdown\" name=\"wpsl-radius\">\r\n\t\t\t\t\t\t<option value=\"10\">10 km<\/option><option value=\"25\">25 km<\/option><option selected=\"selected\" value=\"50\">50 km<\/option><option value=\"100\">100 km<\/option><option value=\"200\">200 km<\/option><option value=\"500\">500 km<\/option>\r\n\t\t\t\t\t<\/select>\r\n\t\t\t\t<\/div>\r\n\t\t\t\t<div id=\"wpsl-results\">\r\n\t\t\t\t\t<label for=\"wpsl-results-dropdown\">Ergebnisse<\/label>\r\n\t\t\t\t\t<select id=\"wpsl-results-dropdown\" class=\"wpsl-dropdown\" name=\"wpsl-results\">\r\n\t\t\t\t\t\t<option selected=\"selected\" value=\"25\">25<\/option><option value=\"50\">50<\/option><option value=\"75\">75<\/option><option value=\"100\">100<\/option>\r\n\t\t\t\t\t<\/select>\r\n\t\t\t\t<\/div>\r\n\t\t\t<\/div>\r\n\t\t\t\t<div class=\"wpsl-search-btn-wrap\"><input id=\"wpsl-search-btn\" type=\"submit\" value=\"Suche\"><\/div>\r\n\t\t<\/form>\r\n\t\t<\/div>\r\n\t<\/div>\r\n\t<div id=\"wpsl-gmap\" class=\"wpsl-gmap-canvas\"><\/div>\r\n\t<div id=\"wpsl-result-list\">\r\n\t\t<div id=\"wpsl-stores\" >\r\n\t\t\t<ul><\/ul>\r\n\t\t<\/div>\r\n\t\t<div id=\"wpsl-direction-details\">\r\n\t\t\t<ul><\/ul>\r\n\t\t<\/div>\r\n\t<\/div>\r\n<\/div>\r\n\n\t\t\t\t\t<\/div>\n\t\t\t\t\t\t<\/div>\n\t\t\t\t<\/div>\n\t\t\t\t\t<\/div>\n\t\t\t\t<\/div>\n\t\t\t\t<\/div>\n\t\t","protected":false},"excerpt":{"rendered":"<p>Online-shops Belgien Deutschland Niederlande Gro\u00dfbritannien Belgien Deutschland Niederlande Gro\u00dfbritannien Station\u00e4re Gesch\u00e4fte \u2013 siehe Karte Twoja lokalizacja Promie\u0144 wyszukiwania 10 km25<\/p>\n","protected":false},"author":1,"featured_media":0,"parent":0,"menu_order":0,"comment_status":"closed","ping_status":"closed","template":"","meta":{"footnotes":""},"class_list":["post-15166","page","type-page","status-publish","hentry"],"yoast_head":"<!-- This site is optimized with the Yoast SEO plugin v27.2 - https:\/\/yoast.com\/product\/yoast-seo-wordpress\/ -->\n<title>Handelspartner - Calumet<\/title>\n<meta name=\"robots\" content=\"index, follow, max-snippet:-1, max-image-preview:large, max-video-preview:-1\" \/>\n<link rel=\"canonical\" href=\"https:\/\/calumet.info\/de\/handelspartner\/\" \/>\n<meta property=\"og:locale\" content=\"de_DE\" \/>\n<meta property=\"og:type\" content=\"article\" \/>\n<meta property=\"og:title\" content=\"Handelspartner - Calumet\" \/>\n<meta property=\"og:description\" content=\"Online-shops Belgien Deutschland Niederlande Gro\u00dfbritannien Belgien Deutschland Niederlande Gro\u00dfbritannien Station\u00e4re Gesch\u00e4fte \u2013 siehe Karte Twoja lokalizacja Promie\u0144 wyszukiwania 10 km25\" \/>\n<meta property=\"og:url\" content=\"https:\/\/calumet.info\/de\/handelspartner\/\" \/>\n<meta property=\"og:site_name\" content=\"Calumet\" \/>\n<meta property=\"article:modified_time\" content=\"2025-09-02T07:03:38+00:00\" \/>\n<meta property=\"og:image\" content=\"https:\/\/calumet.info\/wp-content\/uploads\/2024\/07\/cameranu-logo-300x84-2.png\" \/>\n<meta name=\"twitter:card\" content=\"summary_large_image\" \/>\n<meta name=\"twitter:label1\" content=\"Gesch\u00e4tzte Lesezeit\" \/>\n\t<meta name=\"twitter:data1\" content=\"2\u00a0Minuten\" \/>\n<script type=\"application\/ld+json\" class=\"yoast-schema-graph\">{\"@context\":\"https:\/\/schema.org\",\"@graph\":[{\"@type\":\"WebPage\",\"@id\":\"https:\/\/calumet.info\/de\/handelspartner\/\",\"url\":\"https:\/\/calumet.info\/de\/handelspartner\/\",\"name\":\"Handelspartner - Calumet\",\"isPartOf\":{\"@id\":\"https:\/\/calumet.info\/de\/#website\"},\"primaryImageOfPage\":{\"@id\":\"https:\/\/calumet.info\/de\/handelspartner\/#primaryimage\"},\"image\":{\"@id\":\"https:\/\/calumet.info\/de\/handelspartner\/#primaryimage\"},\"thumbnailUrl\":\"https:\/\/calumet.info\/wp-content\/uploads\/2024\/07\/cameranu-logo-300x84-2.png\",\"datePublished\":\"2022-11-30T16:08:51+00:00\",\"dateModified\":\"2025-09-02T07:03:38+00:00\",\"breadcrumb\":{\"@id\":\"https:\/\/calumet.info\/de\/handelspartner\/#breadcrumb\"},\"inLanguage\":\"de\",\"potentialAction\":[{\"@type\":\"ReadAction\",\"target\":[\"https:\/\/calumet.info\/de\/handelspartner\/\"]}]},{\"@type\":\"ImageObject\",\"inLanguage\":\"de\",\"@id\":\"https:\/\/calumet.info\/de\/handelspartner\/#primaryimage\",\"url\":\"https:\/\/calumet.info\/wp-content\/uploads\/2024\/07\/cameranu-logo-300x84-2.png\",\"contentUrl\":\"https:\/\/calumet.info\/wp-content\/uploads\/2024\/07\/cameranu-logo-300x84-2.png\"},{\"@type\":\"BreadcrumbList\",\"@id\":\"https:\/\/calumet.info\/de\/handelspartner\/#breadcrumb\",\"itemListElement\":[{\"@type\":\"ListItem\",\"position\":1,\"name\":\"Strona g\u0142\u00f3wna\",\"item\":\"https:\/\/calumet.info\/de\/\"},{\"@type\":\"ListItem\",\"position\":2,\"name\":\"Handelspartner\"}]},{\"@type\":\"WebSite\",\"@id\":\"https:\/\/calumet.info\/de\/#website\",\"url\":\"https:\/\/calumet.info\/de\/\",\"name\":\"Calumet\",\"description\":\"Opis strony\",\"potentialAction\":[{\"@type\":\"SearchAction\",\"target\":{\"@type\":\"EntryPoint\",\"urlTemplate\":\"https:\/\/calumet.info\/de\/?s={search_term_string}\"},\"query-input\":{\"@type\":\"PropertyValueSpecification\",\"valueRequired\":true,\"valueName\":\"search_term_string\"}}],\"inLanguage\":\"de\"}]}<\/script>\n<!-- \/ Yoast SEO plugin. -->","yoast_head_json":{"title":"Handelspartner - Calumet","robots":{"index":"index","follow":"follow","max-snippet":"max-snippet:-1","max-image-preview":"max-image-preview:large","max-video-preview":"max-video-preview:-1"},"canonical":"https:\/\/calumet.info\/de\/handelspartner\/","og_locale":"de_DE","og_type":"article","og_title":"Handelspartner - Calumet","og_description":"Online-shops Belgien Deutschland Niederlande Gro\u00dfbritannien Belgien Deutschland Niederlande Gro\u00dfbritannien Station\u00e4re Gesch\u00e4fte \u2013 siehe Karte Twoja lokalizacja Promie\u0144 wyszukiwania 10 km25","og_url":"https:\/\/calumet.info\/de\/handelspartner\/","og_site_name":"Calumet","article_modified_time":"2025-09-02T07:03:38+00:00","og_image":[{"url":"https:\/\/calumet.info\/wp-content\/uploads\/2024\/07\/cameranu-logo-300x84-2.png","type":"","width":"","height":""}],"twitter_card":"summary_large_image","twitter_misc":{"Gesch\u00e4tzte Lesezeit":"2\u00a0Minuten"},"schema":{"@context":"https:\/\/schema.org","@graph":[{"@type":"WebPage","@id":"https:\/\/calumet.info\/de\/handelspartner\/","url":"https:\/\/calumet.info\/de\/handelspartner\/","name":"Handelspartner - Calumet","isPartOf":{"@id":"https:\/\/calumet.info\/de\/#website"},"primaryImageOfPage":{"@id":"https:\/\/calumet.info\/de\/handelspartner\/#primaryimage"},"image":{"@id":"https:\/\/calumet.info\/de\/handelspartner\/#primaryimage"},"thumbnailUrl":"https:\/\/calumet.info\/wp-content\/uploads\/2024\/07\/cameranu-logo-300x84-2.png","datePublished":"2022-11-30T16:08:51+00:00","dateModified":"2025-09-02T07:03:38+00:00","breadcrumb":{"@id":"https:\/\/calumet.info\/de\/handelspartner\/#breadcrumb"},"inLanguage":"de","potentialAction":[{"@type":"ReadAction","target":["https:\/\/calumet.info\/de\/handelspartner\/"]}]},{"@type":"ImageObject","inLanguage":"de","@id":"https:\/\/calumet.info\/de\/handelspartner\/#primaryimage","url":"https:\/\/calumet.info\/wp-content\/uploads\/2024\/07\/cameranu-logo-300x84-2.png","contentUrl":"https:\/\/calumet.info\/wp-content\/uploads\/2024\/07\/cameranu-logo-300x84-2.png"},{"@type":"BreadcrumbList","@id":"https:\/\/calumet.info\/de\/handelspartner\/#breadcrumb","itemListElement":[{"@type":"ListItem","position":1,"name":"Strona g\u0142\u00f3wna","item":"https:\/\/calumet.info\/de\/"},{"@type":"ListItem","position":2,"name":"Handelspartner"}]},{"@type":"WebSite","@id":"https:\/\/calumet.info\/de\/#website","url":"https:\/\/calumet.info\/de\/","name":"Calumet","description":"Opis strony","potentialAction":[{"@type":"SearchAction","target":{"@type":"EntryPoint","urlTemplate":"https:\/\/calumet.info\/de\/?s={search_term_string}"},"query-input":{"@type":"PropertyValueSpecification","valueRequired":true,"valueName":"search_term_string"}}],"inLanguage":"de"}]}},"_links":{"self":[{"href":"https:\/\/calumet.info\/de\/wp-json\/wp\/v2\/pages\/15166","targetHints":{"allow":["GET"]}}],"collection":[{"href":"https:\/\/calumet.info\/de\/wp-json\/wp\/v2\/pages"}],"about":[{"href":"https:\/\/calumet.info\/de\/wp-json\/wp\/v2\/types\/page"}],"author":[{"embeddable":true,"href":"https:\/\/calumet.info\/de\/wp-json\/wp\/v2\/users\/1"}],"replies":[{"embeddable":true,"href":"https:\/\/calumet.info\/de\/wp-json\/wp\/v2\/comments?post=15166"}],"version-history":[{"count":16,"href":"https:\/\/calumet.info\/de\/wp-json\/wp\/v2\/pages\/15166\/revisions"}],"predecessor-version":[{"id":25825,"href":"https:\/\/calumet.info\/de\/wp-json\/wp\/v2\/pages\/15166\/revisions\/25825"}],"wp:attachment":[{"href":"https:\/\/calumet.info\/de\/wp-json\/wp\/v2\/media?parent=15166"}],"curies":[{"name":"wp","href":"https:\/\/api.w.org\/{rel}","templated":true}]}}