{"id":17631,"date":"2024-07-30T09:46:24","date_gmt":"2024-07-30T09:46:24","guid":{"rendered":"http:\/\/calumet.info\/polityka-prywatnosci\/"},"modified":"2024-07-30T10:28:44","modified_gmt":"2024-07-30T10:28:44","slug":"datenschutzbestimmungen","status":"publish","type":"page","link":"https:\/\/calumet.info\/de\/datenschutzbestimmungen\/","title":{"rendered":"Datenschutzbestimmungen"},"content":{"rendered":"\t\t<div data-elementor-type=\"wp-page\" data-elementor-id=\"17631\" class=\"elementor elementor-17631 elementor-17622\">\n\t\t\t\t<div class=\"elementor-element elementor-element-b6984ba e-flex e-con-boxed e-con e-parent\" data-id=\"b6984ba\" data-element_type=\"container\" data-e-type=\"container\" data-settings=\"{&quot;background_background&quot;:&quot;classic&quot;}\">\n\t\t\t\t\t<div class=\"e-con-inner\">\n\t\t\t\t<div class=\"elementor-element elementor-element-f8fc909 wd-width-100 elementor-widget elementor-widget-wd_title\" data-id=\"f8fc909\" data-element_type=\"widget\" data-e-type=\"widget\" data-widget_type=\"wd_title.default\">\n\t\t\t\t<div class=\"elementor-widget-container\">\n\t\t\t\t\t\t\t<div class=\"title-wrapper wd-set-mb reset-last-child wd-title-color-default wd-title-style-default wd-title-size-default text-center\">\n\n\t\t\t\n\t\t\t<div class=\"liner-continer\">\n\t\t\t\t<h4 class=\"woodmart-title-container title wd-fontsize-l\">Datenschutzbestimmungen<\/h4> \n\t\t\t\t\t\t\t<\/div>\n\n\t\t\t\t\t<\/div>\n\t\t\t\t\t\t<\/div>\n\t\t\t\t<\/div>\n\t\t\t\t<div class=\"elementor-element elementor-element-2e25b7a elementor-widget elementor-widget-wd_text_block\" data-id=\"2e25b7a\" data-element_type=\"widget\" data-e-type=\"widget\" data-widget_type=\"wd_text_block.default\">\n\t\t\t\t<div class=\"elementor-widget-container\">\n\t\t\t\t\t\t\t<div class=\"wd-text-block reset-last-child text-left\">\n\t\t\t\n\t\t\t<p><b>I ALLGEMEINE BESTIMMUNGEN<\/b><\/p>\n<ol>\n<li style=\"font-weight: 400;\" aria-level=\"1\"><span style=\"font-weight: 400;\">Diese Datenschutzerkl\u00e4rung definiert die Art und Weise der Erhebung, Verarbeitung und Speicherung personenbezogener Daten, die f\u00fcr die Erbringung von Dienstleistungen auf elektronischem Wege \u00fcber den Internetservice in der Domain Calumet.info erforderlich sind.<\/span><\/li>\n<li style=\"font-weight: 400;\" aria-level=\"1\"><span style=\"font-weight: 400;\">Der Verwalter der \u00fcber den Dienst gesammelten personenbezogenen Daten ist Sansa Europe sp. z o.o., Wersalska 47\/75, 91-212 \u0141\u00f3d\u017a, im Folgenden als \u201eVerwalter\u201c bezeichnet.<\/span><\/li>\n<li style=\"font-weight: 400;\" aria-level=\"1\"><span style=\"font-weight: 400;\">Die Verarbeitung personenbezogener Daten erfolgt gem\u00e4\u00df der Verordnung (EU) 2016\/679 des Europ\u00e4ischen Parlaments und des Rates vom 27. April 2016 zum Schutz nat\u00fcrlicher Personen bei der Verarbeitung personenbezogener Daten, zum freien Datenverkehr und zur Aufhebung der Richtlinie 95\/46\/EG (Datenschutz-Grundverordnung) (im Folgenden: RODO).<\/span><\/li>\n<li style=\"font-weight: 400;\" aria-level=\"1\"><span style=\"font-weight: 400;\">Der Verwalter achtet besonders auf den Schutz der Interessen der betroffenen Personen und stellt insbesondere sicher, dass die von ihm erhobenen Daten rechtm\u00e4\u00dfig verarbeitet werden, dass sie f\u00fcr festgelegte rechtm\u00e4\u00dfige Zwecke erhoben und nicht einer mit diesen Zwecken nicht zu vereinbarenden Weiterverarbeitung unterzogen werden, dass sie im Hinblick auf die Zwecke, f\u00fcr die sie verarbeitet werden, sachlich richtig und angemessen sind und dass sie in einer Form gespeichert werden, die die Identifizierung der betroffenen Personen nur so lange erm\u00f6glicht, wie es f\u00fcr die Erreichung des Zwecks der Verarbeitung erforderlich ist.<\/span><\/li>\n<\/ol>\n<p><b>II ZWECK UND UMFANG DER DATENERHEBUNG UND DATENEMPF\u00c4NGER<\/b><\/p>\n<ol>\n<li style=\"font-weight: 400;\" aria-level=\"1\"><span style=\"font-weight: 400;\">Der Administrator verarbeitet personenbezogene Daten, die f\u00fcr die Bereitstellung und Entwicklung der angebotenen Dienste auf der Website und ihrer einzelnen Funktionalit\u00e4ten erforderlich sind.<\/span><\/li>\n<li style=\"font-weight: 400;\" aria-level=\"1\"><span style=\"font-weight: 400;\">Die personenbezogenen Daten werden zu folgenden Zwecken verarbeitet:<\/span><\/li>\n<\/ol>\n<ul>\n<li style=\"font-weight: 400;\" aria-level=\"1\"><span style=\"font-weight: 400;\">Kommunikation mit dem Nutzer, um ihm die erforderlichen Informationen zur Verf\u00fcgung zu stellen und eine positive und verl\u00e4ssliche Beziehung zu ihm aufzubauen, was das berechtigte Interesse des Verwalters darstellt (Artikel 6 Absatz 1 Buchstabe f) RODO);\u00a0<\/span><\/li>\n<li style=\"font-weight: 400;\" aria-level=\"1\"><span style=\"font-weight: 400;\">zur F\u00f6rderung der eigenen Produkte und\/oder Dienstleistungen des Verwalters und seiner Partner durch die Bereitstellung von Marketinginformationen per E-Mail (Newsletter), wenn der Nutzer dem Erhalt solcher Mitteilungen per E-Mail zugestimmt hat (Artikel 6 Absatz 1 Buchstabe a DSGVO);<\/span><\/li>\n<li style=\"font-weight: 400;\" aria-level=\"1\"><span style=\"font-weight: 400;\">zu analytischen und statistischen Zwecken auf der Grundlage des berechtigten Interesses des Administrators an der \u00dcberpr\u00fcfung der Aktivit\u00e4ten und Pr\u00e4ferenzen der Nutzer zur Optimierung der Dienstleistungen und Produkte sowie der angewandten Funktionalit\u00e4ten des Dienstes (Artikel 6 Absatz 1 Buchstabe f DSGVO);<\/span><\/li>\n<li style=\"font-weight: 400;\" aria-level=\"1\"><span style=\"font-weight: 400;\">zum Zweck der zielgerichteten Werbung auf sozialen Medien und Websites wie Facebook, YouTube, Google - auf der Grundlage von Artikel 6 (1)(a) RODO (Einwilligung) und auf der Grundlage von Artikel 6 (1)(f) RODO.<\/span><\/li>\n<\/ul>\n<p><span style=\"font-weight: 400;\">In jedem der oben genannten F\u00e4lle (Absatz 2) ist die Angabe von Daten freiwillig, aber notwendig, um andere Funktionen der Website zu nutzen.<\/span><\/p>\n<p><b>III COOKIES UND NUTZUNGSDATEN<\/b><\/p>\n<ol>\n<li style=\"font-weight: 400;\" aria-level=\"1\"><span style=\"font-weight: 400;\">Cookies sind kleine Textinformationen in Form von Textdateien, die von einem Server gesendet und auf der Seite der Person, die die Website des Online-Shops besucht, gespeichert werden (z. B. auf der Festplatte eines Computers, Laptops oder einer Smartphone-Speicherkarte - je nach dem vom Besucher unserer Website verwendeten Ger\u00e4t). Ausf\u00fchrliche Informationen \u00fcber Cookies sowie die Geschichte ihrer Erstellung finden Sie unter anderem hier: <\/span><a href=\"https:\/\/de.wikipedia.org\/wiki\/HTTP-Cookie\"><span style=\"font-weight: 400;\">https:\/\/de.wikipedia.org\/wiki\/HTTP-Cookie<\/span><\/a><span style=\"font-weight: 400;\">\u00a0<\/span><\/li>\n<li style=\"font-weight: 400;\" aria-level=\"1\"><span style=\"font-weight: 400;\">Der Administrator kann Daten, die in Cookies enthalten sind, wenn Besucher die Website nutzen, zu folgenden Zwecken verarbeiten:<\/span><span style=\"font-weight: 400;\"><br \/><\/span><span style=\"font-weight: 400;\">- Speicherung von Daten aus ausgef\u00fcllten Newsletter-Formularen, Umfragen;<\/span><span style=\"font-weight: 400;\"><br \/><\/span><span style=\"font-weight: 400;\">- Anpassung des Inhalts der Website an die individuellen Pr\u00e4ferenzen des Nutzers (z. B. in Bezug auf Gr\u00f6\u00dfe, Seitenlayout) und Optimierung der Nutzung der Website;<\/span><span style=\"font-weight: 400;\"><br \/><\/span><span style=\"font-weight: 400;\">- das F\u00fchren anonymer Statistiken, die zeigen, wie die Website genutzt wird.<\/span><\/li>\n<li style=\"font-weight: 400;\" aria-level=\"1\"><span style=\"font-weight: 400;\">Standardm\u00e4\u00dfig akzeptieren die meisten auf dem Markt befindlichen Webbrowser die Speicherung von Cookies standardm\u00e4\u00dfig. Jeder hat die M\u00f6glichkeit, die Bedingungen f\u00fcr die Verwendung von Cookies \u00fcber die Einstellungen seines eigenen Webbrowsers zu bestimmen. So k\u00f6nnen Sie z.B. die Speicherung von Cookies teilweise (z.B. vor\u00fcbergehend) einschr\u00e4nken oder ganz abschalten - im letzteren Fall kann dies jedoch einige Funktionen der Website beeintr\u00e4chtigen.<\/span><\/li>\n<li style=\"font-weight: 400;\" aria-level=\"1\"><span style=\"font-weight: 400;\">Die Einstellungen Ihres Internetbrowsers in Bezug auf Cookies sind relevant f\u00fcr Ihre Zustimmung zur Verwendung von Cookies durch unseren Dienst - gem\u00e4\u00df den Vorschriften kann eine solche Zustimmung auch durch die Einstellungen Ihres Internetbrowsers ausgedr\u00fcckt werden. Liegt eine solche Zustimmung nicht vor, m\u00fcssen die Browsereinstellungen f\u00fcr Cookies entsprechend ge\u00e4ndert werden.<\/span><\/li>\n<li style=\"font-weight: 400;\" aria-level=\"1\"><span style=\"font-weight: 400;\">Detaillierte Informationen dar\u00fcber, wie Sie die Einstellungen f\u00fcr Cookies \u00e4ndern und wie Sie diese in den g\u00e4ngigsten Webbrowsern selbst l\u00f6schen k\u00f6nnen, finden Sie im Hilfebereich des gew\u00e4hlten Webbrowsers.<\/span><\/li>\n<li style=\"font-weight: 400;\" aria-level=\"1\"><span style=\"font-weight: 400;\">Der Administrator verarbeitet auch anonymisierte Nutzungsdaten im Zusammenhang mit der Nutzung der Website (sog. Logs - IP-Adresse, Domain), um Statistiken zu erstellen, die der Verwaltung der Website dienen. Diese Daten sind aggregiert und anonym, d.h. sie enthalten keine identifizierenden Merkmale der Besucher des Webshops. Die Protokolle werden nicht an Dritte weitergegeben.<\/span><\/li>\n<\/ol>\n<p><b>IV GRUNDLAGE DER DATENVERARBEITUNG<\/b><\/p>\n<ol>\n<li style=\"font-weight: 400;\" aria-level=\"1\"><span style=\"font-weight: 400;\">Die Bereitstellung der personenbezogenen Daten durch den Nutzer ist freiwillig.<\/span><\/li>\n<li style=\"font-weight: 400;\" aria-level=\"1\"><span style=\"font-weight: 400;\">Die Grundlage f\u00fcr die Verarbeitung der personenbezogenen Daten des Nutzers ist die Notwendigkeit, den Vertrag, an dem der Nutzer beteiligt ist, zu erf\u00fcllen oder auf Wunsch des Nutzers vor dessen Abschluss t\u00e4tig zu werden. Im Falle der Datenverarbeitung zum Zwecke der Direktvermarktung eigener Produkte oder Dienstleistungen des Verwalters ist die Grundlage f\u00fcr eine solche Verarbeitung (1) die vorherige Zustimmung des Nutzers oder (2) die Erf\u00fcllung rechtlich begr\u00fcndeter Zwecke des Verwalters (gem\u00e4\u00df Artikel 23 Absatz 4 des Gesetzes zum Schutz personenbezogener Daten gilt als rechtlich begr\u00fcndeter Zweck insbesondere die Direktvermarktung eigener Produkte oder Dienstleistungen des Verwalters).<\/span><\/li>\n<\/ol>\n<p><b>V DAS RECHT AUF KONTROLLE, ZUGANG UND BERICHTIGUNG DES INHALTS IHRER DATEN<\/b><\/p>\n<ol>\n<li style=\"font-weight: 400;\" aria-level=\"1\"><span style=\"font-weight: 400;\">Der Nutzer hat das Recht, auf den Inhalt seiner pers\u00f6nlichen Daten zuzugreifen und diese zu korrigieren.<\/span><\/li>\n<li style=\"font-weight: 400;\" aria-level=\"1\"><span style=\"font-weight: 400;\">Jede Person hat das Recht, die Verarbeitung der sie betreffenden Daten, die im Datenbestand des Verwalters enthalten sind, zu kontrollieren, und insbesondere das Recht: die Vervollst\u00e4ndigung, Aktualisierung, Berichtigung personenbezogener Daten, die vor\u00fcbergehende oder dauerhafte Aussetzung ihrer Verarbeitung oder ihre L\u00f6schung zu verlangen, wenn sie unvollst\u00e4ndig, veraltet, unwahr oder unter Verletzung des Gesetzes erhoben wurden oder f\u00fcr den Zweck, f\u00fcr den sie erhoben wurden, nicht mehr erforderlich sind.<\/span><\/li>\n<li style=\"font-weight: 400;\" aria-level=\"1\"><span style=\"font-weight: 400;\">Hat der Nutzer in die Verarbeitung von Daten zum Zwecke der Direktwerbung f\u00fcr eigene Produkte oder Dienstleistungen des Verwalters eingewilligt, so kann diese Einwilligung jederzeit widerrufen werden.<\/span><\/li>\n<li style=\"font-weight: 400;\" aria-level=\"1\"><span style=\"font-weight: 400;\">Beabsichtigt der Verwalter, die Daten des Nutzers zum Zwecke des Direktmarketings f\u00fcr eigene Produkte oder Dienstleistungen zu verarbeiten, hat die betroffene Person au\u00dferdem das Recht, (1) einen schriftlichen, begr\u00fcndeten Antrag zu stellen, die Verarbeitung ihrer Daten aufgrund ihrer besonderen Situation zu stoppen, oder (2) der Verarbeitung ihrer Daten zu widersprechen.<\/span><\/li>\n<li style=\"font-weight: 400;\" aria-level=\"1\"><span style=\"font-weight: 400;\">Um die oben genannten Rechte auszu\u00fcben, kann der Verwalter kontaktiert werden, indem eine entsprechende Nachricht schriftlich oder per E-Mail an die am Anfang dieser Datenschutzerkl\u00e4rung angegebene Adresse des Verwalters geschickt wird.<\/span><\/li>\n<\/ol>\n<p><b>VI GOOGLE ANALYTICS I HOTJAR WEB ANALYTICS<\/b><\/p>\n<ol>\n<li style=\"font-weight: 400;\" aria-level=\"1\"><span style=\"font-weight: 400;\">Der Verwalter nutzt die Dienste Google Analytics von Google Inc. (1600 Amphitheatre Parkway, Mountain View, CA 94043, USA), Meta und HotJar von Hotjar Ltd (Malta). Diese Dienste helfen dem Administrator, die Nutzung des Online-Shops zu analysieren.<\/span><\/li>\n<li style=\"font-weight: 400;\" aria-level=\"1\"><span style=\"font-weight: 400;\">Google Analytics und HotJar verwenden Cookies, um zu analysieren, wie die Website genutzt wird. Cookies sind kleine Textinformationen in Form von Textdateien, die von einem Server gesendet und auf der Seite der Person, die die Website nutzt, gespeichert werden (z. B. auf der Festplatte eines Computers, Laptops oder auf der Speicherkarte eines Smartphones - je nachdem, welches Ger\u00e4t die Person, die die Website nutzt, verwendet).<\/span><\/li>\n<li style=\"font-weight: 400;\" aria-level=\"1\"><span style=\"font-weight: 400;\">Die durch Cookies gewonnenen Informationen werden auf Servern von Google Inc und HotJar Ltd. gespeichert, auch in den Vereinigten Staaten. Ist die IP-Adressen-Anonymisierung bei der Nutzung des Dienstes aktiviert, wird die IP-Adresse in Mitgliedstaaten der Europ\u00e4ischen Union oder anderen Vertragsstaaten des Abkommens \u00fcber den Europ\u00e4ischen Wirtschaftsraum dennoch gek\u00fcrzt. Nur in Ausnahmef\u00e4llen wird die volle IP-Adresse in die Vereinigten Staaten von Amerika \u00fcbertragen und dort gek\u00fcrzt.<\/span><\/li>\n<li style=\"font-weight: 400;\" aria-level=\"1\"><span style=\"font-weight: 400;\">Im Auftrag des Administrators werden Google Inc. und HotJar Ltd I. diese Informationen benutzen, um die Nutzung der Website durch den Nutzer auszuwerten, um Reports \u00fcber die Websiteaktivit\u00e4ten zusammenzustellen und um weitere mit der Websitenutzung verbundene Dienstleistungen zu erbringen.<\/span><\/li>\n<li style=\"font-weight: 400;\" aria-level=\"1\"><span style=\"font-weight: 400;\">Die gesammelten Daten werden im Rahmen der vorgenannten Dienste in anonymisierter Form verarbeitet (so genannte Verwertungsdaten, die eine Identifizierung der Person verhindern). Diese Daten sind aggregiert und anonym, d.h. sie enthalten keine identifizierenden Merkmale der Personen, die die Website nutzen.<\/span><\/li>\n<li style=\"font-weight: 400;\" aria-level=\"1\"><span style=\"font-weight: 400;\">Standardm\u00e4\u00dfig akzeptieren die meisten auf dem Markt befindlichen Webbrowser und Ger\u00e4te die Speicherung von Cookies. Jeder hat die M\u00f6glichkeit, die Bedingungen f\u00fcr die Verwendung von Cookies \u00fcber die Einstellungen seines eigenen Webbrowsers oder seines eigenen Ger\u00e4ts zu bestimmen. So k\u00f6nnen Sie beispielsweise die Speicherung von Cookies teilweise (z. B. vor\u00fcbergehend) einschr\u00e4nken oder ganz deaktivieren - im letzteren Fall kann dies jedoch einige Funktionen des Dienstes beeintr\u00e4chtigen.<\/span><\/li>\n<li style=\"font-weight: 400;\" aria-level=\"1\"><span style=\"font-weight: 400;\">Die Einstellungen Ihres Internetbrowsers oder Ihres Ger\u00e4ts in Bezug auf Cookies sind relevant f\u00fcr Ihre Zustimmung zur Verwendung von Cookies durch den Online-Shop - gem\u00e4\u00df den Vorschriften kann eine solche Zustimmung auch durch die Einstellungen Ihres Internetbrowsers oder Ihres Ger\u00e4ts ausgedr\u00fcckt werden. Liegt eine solche Zustimmung nicht vor, m\u00fcssen die Einstellungen des Internetbrowsers oder des Ger\u00e4ts in Bezug auf Cookies entsprechend ge\u00e4ndert werden.<\/span><\/li>\n<li style=\"font-weight: 400;\" aria-level=\"1\"><span style=\"font-weight: 400;\">HotJar kann Mausklicks, Mausbewegungen, Scroll-Aktivit\u00e4ten und eingegebene Informationen, die keine pers\u00f6nlichen Daten sind, aufzeichnen.<\/span><\/li>\n<li style=\"font-weight: 400;\" aria-level=\"1\"><span style=\"font-weight: 400;\">Es ist auch m\u00f6glich, die \u00dcbertragung von Daten vom Ger\u00e4t des Nutzers an Google Analytics, HotJar Ltd unter Verwendung von Cookies (einschlie\u00dflich der \u00dcbertragung von IP-Adressen) generell zu verhindern, indem das Browser-Plugin heruntergeladen wird, das unter der folgenden, von Google Inc, HotJar Ltd<\/span><\/li>\n<li style=\"font-weight: 400;\" aria-level=\"1\"><span style=\"font-weight: 400;\">Ausf\u00fchrliche Informationen \u00fcber die Grunds\u00e4tze, nach denen die oben genannten Dienste funktionieren, einschlie\u00dflich der Grunds\u00e4tze der Datenerhebung und -verarbeitung, finden Sie hier: https:\/\/policies.google.com\/technologies\/partner-sites?hl=de<\/span><\/li>\n<\/ol>\n<p><b>VII META PLATFORMS<\/b><\/p>\n<ol>\n<li style=\"font-weight: 400;\" aria-level=\"1\"><span style=\"font-weight: 400;\">Der Dienst verwendet das Meta-Pixel zur Verwaltung von Anzeigen auf Facebook und Instagram (Meta-Plattformen) sowie zur Durchf\u00fchrung von Remarketing-Aktivit\u00e4ten auf diesen Diensten, was ein berechtigtes Interesse des Verwalters darstellt. Das Meta-Pixel-Tool wird von der Facebook Inc. (Meta Platforms) und den mit ihr verbundenen Unternehmen bereitgestellt.\u00a0<\/span><\/li>\n<li style=\"font-weight: 400;\" aria-level=\"1\"><span style=\"font-weight: 400;\">Die von Meta Pixel (Meta Platforms) gesammelten Informationen sind anonym und identifizieren den Nutzer nicht. Der Administrator von Meta Platforms kann diese Informationen mit Daten kombinieren, die der Nutzer im Rahmen eines Kontos bei den Diensten von Meta Platforms einreicht, und sie f\u00fcr seine eigenen Zwecke verwenden.<\/span><\/li>\n<\/ol>\n<p><b>VIII SCHLUSSBESTIMMUNGEN<\/b><\/p>\n<ol>\n<li style=\"font-weight: 400;\" aria-level=\"1\"><span style=\"font-weight: 400;\">Die Website kann Links zu anderen Websites enthalten. Der Administrator bittet Sie dringend, beim Besuch anderer Websites die dortige Datenschutzpolitik zu lesen. Diese Datenschutzrichtlinie gilt nur f\u00fcr diese Website.<\/span><\/li>\n<li style=\"font-weight: 400;\" aria-level=\"1\"><span style=\"font-weight: 400;\">Der Verwalter wendet technische und organisatorische Ma\u00dfnahmen an, um den Schutz der verarbeiteten personenbezogenen Daten zu gew\u00e4hrleisten, die den Risiken und den gesch\u00fctzten Datenkategorien angemessen sind, und sch\u00fctzt die Daten insbesondere davor, dass sie Unbefugten zug\u00e4nglich gemacht werden, dass sie von Unbefugten entwendet werden, dass sie unter Verletzung der geltenden Vorschriften verarbeitet werden und dass sie ver\u00e4ndert, verloren, besch\u00e4digt oder zerst\u00f6rt werden.<\/span><\/li>\n<\/ol>\n\n\t\t\t\t\t<\/div>\n\t\t\t\t\t\t<\/div>\n\t\t\t\t<\/div>\n\t\t\t\t\t<\/div>\n\t\t\t\t<\/div>\n\t\t\t\t<\/div>\n\t\t","protected":false},"excerpt":{"rendered":"<p>Datenschutzbestimmungen I ALLGEMEINE BESTIMMUNGEN Diese Datenschutzerkl\u00e4rung definiert die Art und Weise der Erhebung, Verarbeitung und Speicherung personenbezogener Daten, die f\u00fcr<\/p>\n","protected":false},"author":3,"featured_media":0,"parent":0,"menu_order":0,"comment_status":"closed","ping_status":"closed","template":"","meta":{"footnotes":""},"class_list":["post-17631","page","type-page","status-publish","hentry"],"yoast_head":"<!-- This site is optimized with the Yoast SEO plugin v27.2 - https:\/\/yoast.com\/product\/yoast-seo-wordpress\/ -->\n<title>Datenschutzbestimmungen - Calumet<\/title>\n<meta name=\"robots\" content=\"index, follow, max-snippet:-1, max-image-preview:large, max-video-preview:-1\" \/>\n<link rel=\"canonical\" href=\"https:\/\/calumet.info\/de\/datenschutzbestimmungen\/\" \/>\n<meta property=\"og:locale\" content=\"de_DE\" \/>\n<meta property=\"og:type\" content=\"article\" \/>\n<meta property=\"og:title\" content=\"Datenschutzbestimmungen - Calumet\" \/>\n<meta property=\"og:description\" content=\"Datenschutzbestimmungen I ALLGEMEINE BESTIMMUNGEN Diese Datenschutzerkl\u00e4rung definiert die Art und Weise der Erhebung, Verarbeitung und Speicherung personenbezogener Daten, die f\u00fcr\" \/>\n<meta property=\"og:url\" content=\"https:\/\/calumet.info\/de\/datenschutzbestimmungen\/\" \/>\n<meta property=\"og:site_name\" content=\"Calumet\" \/>\n<meta property=\"article:modified_time\" content=\"2024-07-30T10:28:44+00:00\" \/>\n<meta name=\"twitter:card\" content=\"summary_large_image\" \/>\n<meta name=\"twitter:label1\" content=\"Gesch\u00e4tzte Lesezeit\" \/>\n\t<meta name=\"twitter:data1\" content=\"11\u00a0Minuten\" \/>\n<script type=\"application\/ld+json\" class=\"yoast-schema-graph\">{\"@context\":\"https:\/\/schema.org\",\"@graph\":[{\"@type\":\"WebPage\",\"@id\":\"https:\/\/calumet.info\/de\/datenschutzbestimmungen\/\",\"url\":\"https:\/\/calumet.info\/de\/datenschutzbestimmungen\/\",\"name\":\"Datenschutzbestimmungen - Calumet\",\"isPartOf\":{\"@id\":\"https:\/\/calumet.info\/de\/#website\"},\"datePublished\":\"2024-07-30T09:46:24+00:00\",\"dateModified\":\"2024-07-30T10:28:44+00:00\",\"breadcrumb\":{\"@id\":\"https:\/\/calumet.info\/de\/datenschutzbestimmungen\/#breadcrumb\"},\"inLanguage\":\"de\",\"potentialAction\":[{\"@type\":\"ReadAction\",\"target\":[\"https:\/\/calumet.info\/de\/datenschutzbestimmungen\/\"]}]},{\"@type\":\"BreadcrumbList\",\"@id\":\"https:\/\/calumet.info\/de\/datenschutzbestimmungen\/#breadcrumb\",\"itemListElement\":[{\"@type\":\"ListItem\",\"position\":1,\"name\":\"Strona g\u0142\u00f3wna\",\"item\":\"https:\/\/calumet.info\/de\/\"},{\"@type\":\"ListItem\",\"position\":2,\"name\":\"Datenschutzbestimmungen\"}]},{\"@type\":\"WebSite\",\"@id\":\"https:\/\/calumet.info\/de\/#website\",\"url\":\"https:\/\/calumet.info\/de\/\",\"name\":\"Calumet\",\"description\":\"Opis strony\",\"potentialAction\":[{\"@type\":\"SearchAction\",\"target\":{\"@type\":\"EntryPoint\",\"urlTemplate\":\"https:\/\/calumet.info\/de\/?s={search_term_string}\"},\"query-input\":{\"@type\":\"PropertyValueSpecification\",\"valueRequired\":true,\"valueName\":\"search_term_string\"}}],\"inLanguage\":\"de\"}]}<\/script>\n<!-- \/ Yoast SEO plugin. -->","yoast_head_json":{"title":"Datenschutzbestimmungen - Calumet","robots":{"index":"index","follow":"follow","max-snippet":"max-snippet:-1","max-image-preview":"max-image-preview:large","max-video-preview":"max-video-preview:-1"},"canonical":"https:\/\/calumet.info\/de\/datenschutzbestimmungen\/","og_locale":"de_DE","og_type":"article","og_title":"Datenschutzbestimmungen - Calumet","og_description":"Datenschutzbestimmungen I ALLGEMEINE BESTIMMUNGEN Diese Datenschutzerkl\u00e4rung definiert die Art und Weise der Erhebung, Verarbeitung und Speicherung personenbezogener Daten, die f\u00fcr","og_url":"https:\/\/calumet.info\/de\/datenschutzbestimmungen\/","og_site_name":"Calumet","article_modified_time":"2024-07-30T10:28:44+00:00","twitter_card":"summary_large_image","twitter_misc":{"Gesch\u00e4tzte Lesezeit":"11\u00a0Minuten"},"schema":{"@context":"https:\/\/schema.org","@graph":[{"@type":"WebPage","@id":"https:\/\/calumet.info\/de\/datenschutzbestimmungen\/","url":"https:\/\/calumet.info\/de\/datenschutzbestimmungen\/","name":"Datenschutzbestimmungen - Calumet","isPartOf":{"@id":"https:\/\/calumet.info\/de\/#website"},"datePublished":"2024-07-30T09:46:24+00:00","dateModified":"2024-07-30T10:28:44+00:00","breadcrumb":{"@id":"https:\/\/calumet.info\/de\/datenschutzbestimmungen\/#breadcrumb"},"inLanguage":"de","potentialAction":[{"@type":"ReadAction","target":["https:\/\/calumet.info\/de\/datenschutzbestimmungen\/"]}]},{"@type":"BreadcrumbList","@id":"https:\/\/calumet.info\/de\/datenschutzbestimmungen\/#breadcrumb","itemListElement":[{"@type":"ListItem","position":1,"name":"Strona g\u0142\u00f3wna","item":"https:\/\/calumet.info\/de\/"},{"@type":"ListItem","position":2,"name":"Datenschutzbestimmungen"}]},{"@type":"WebSite","@id":"https:\/\/calumet.info\/de\/#website","url":"https:\/\/calumet.info\/de\/","name":"Calumet","description":"Opis strony","potentialAction":[{"@type":"SearchAction","target":{"@type":"EntryPoint","urlTemplate":"https:\/\/calumet.info\/de\/?s={search_term_string}"},"query-input":{"@type":"PropertyValueSpecification","valueRequired":true,"valueName":"search_term_string"}}],"inLanguage":"de"}]}},"_links":{"self":[{"href":"https:\/\/calumet.info\/de\/wp-json\/wp\/v2\/pages\/17631","targetHints":{"allow":["GET"]}}],"collection":[{"href":"https:\/\/calumet.info\/de\/wp-json\/wp\/v2\/pages"}],"about":[{"href":"https:\/\/calumet.info\/de\/wp-json\/wp\/v2\/types\/page"}],"author":[{"embeddable":true,"href":"https:\/\/calumet.info\/de\/wp-json\/wp\/v2\/users\/3"}],"replies":[{"embeddable":true,"href":"https:\/\/calumet.info\/de\/wp-json\/wp\/v2\/comments?post=17631"}],"version-history":[{"count":7,"href":"https:\/\/calumet.info\/de\/wp-json\/wp\/v2\/pages\/17631\/revisions"}],"predecessor-version":[{"id":17661,"href":"https:\/\/calumet.info\/de\/wp-json\/wp\/v2\/pages\/17631\/revisions\/17661"}],"wp:attachment":[{"href":"https:\/\/calumet.info\/de\/wp-json\/wp\/v2\/media?parent=17631"}],"curies":[{"name":"wp","href":"https:\/\/api.w.org\/{rel}","templated":true}]}}