{"id":13144,"date":"2022-11-30T16:09:17","date_gmt":"2022-11-30T16:09:17","guid":{"rendered":"http:\/\/calumet.info\/kontakt\/"},"modified":"2025-12-12T10:08:40","modified_gmt":"2025-12-12T10:08:40","slug":"contact","status":"publish","type":"page","link":"https:\/\/calumet.info\/nl\/contact\/","title":{"rendered":"Contact"},"content":{"rendered":"\t\t<div data-elementor-type=\"wp-page\" data-elementor-id=\"13144\" class=\"elementor elementor-13144 elementor-29\">\n\t\t\t\t<div class=\"elementor-element elementor-element-8a71ac6 e-flex e-con-boxed e-con e-parent\" data-id=\"8a71ac6\" data-element_type=\"container\" data-e-type=\"container\">\n\t\t\t\t\t<div class=\"e-con-inner\">\n\t\t\t\t<div class=\"elementor-element elementor-element-3492f2a elementor-widget elementor-widget-wd_image_or_svg\" data-id=\"3492f2a\" data-element_type=\"widget\" data-e-type=\"widget\" data-widget_type=\"wd_image_or_svg.default\">\n\t\t\t\t<div class=\"elementor-widget-container\">\n\t\t\t\t\t\n\t\t<div class=\"wd-image text-left\">\n\t\t\t\t\t\t\t\t<img loading=\"lazy\" decoding=\"async\" width=\"1920\" height=\"675\" src=\"https:\/\/calumet.info\/wp-content\/uploads\/2024\/07\/kontakt01.jpg\" class=\"attachment-full size-full\" alt=\"\" srcset=\"https:\/\/calumet.info\/wp-content\/uploads\/2024\/07\/kontakt01.jpg 1920w, https:\/\/calumet.info\/wp-content\/uploads\/2024\/07\/kontakt01-300x105.jpg 300w, https:\/\/calumet.info\/wp-content\/uploads\/2024\/07\/kontakt01-1030x362.jpg 1030w, https:\/\/calumet.info\/wp-content\/uploads\/2024\/07\/kontakt01-768x270.jpg 768w, https:\/\/calumet.info\/wp-content\/uploads\/2024\/07\/kontakt01-1536x540.jpg 1536w, https:\/\/calumet.info\/wp-content\/uploads\/2024\/07\/kontakt01-1200x422.jpg 1200w, https:\/\/calumet.info\/wp-content\/uploads\/2024\/07\/kontakt01-150x53.jpg 150w\" sizes=\"auto, (max-width: 1920px) 100vw, 1920px\" \/>\t\t\t\t\t<\/div>\n\n\t\t\t\t\t\t<\/div>\n\t\t\t\t<\/div>\n\t\t\t\t<div class=\"elementor-element elementor-element-ea0acc6 elementor-widget-divider--view-line elementor-widget elementor-widget-divider\" data-id=\"ea0acc6\" data-element_type=\"widget\" data-e-type=\"widget\" data-widget_type=\"divider.default\">\n\t\t\t\t<div class=\"elementor-widget-container\">\n\t\t\t\t\t\t\t<div class=\"elementor-divider\">\n\t\t\t<span class=\"elementor-divider-separator\">\n\t\t\t\t\t\t<\/span>\n\t\t<\/div>\n\t\t\t\t\t\t<\/div>\n\t\t\t\t<\/div>\n\t\t\t\t\t<\/div>\n\t\t\t\t<\/div>\n\t\t<div class=\"elementor-element elementor-element-305ed2b e-flex e-con-boxed e-con e-parent\" data-id=\"305ed2b\" data-element_type=\"container\" data-e-type=\"container\">\n\t\t\t\t\t<div class=\"e-con-inner\">\n\t\t<div class=\"elementor-element elementor-element-5cb84dd e-con-full e-flex e-con e-child\" data-id=\"5cb84dd\" data-element_type=\"container\" data-e-type=\"container\" data-settings=\"{&quot;background_background&quot;:&quot;classic&quot;}\">\n\t\t\t\t<div class=\"elementor-element elementor-element-25821a6 wd-width-100 elementor-widget elementor-widget-wd_title\" data-id=\"25821a6\" data-element_type=\"widget\" data-e-type=\"widget\" data-widget_type=\"wd_title.default\">\n\t\t\t\t<div class=\"elementor-widget-container\">\n\t\t\t\t\t\t\t<div class=\"title-wrapper wd-set-mb reset-last-child wd-title-color-default wd-title-style-default wd-title-size-default text-left\">\n\n\t\t\t\n\t\t\t<div class=\"liner-continer\">\n\t\t\t\t<h4 class=\"woodmart-title-container title wd-fontsize-l\">Heb je vragen over producten van het merk Calumet? Stuur ons een bericht!<\/h4> \n\t\t\t\t\t\t\t<\/div>\n\n\t\t\t\t\t\t\t<div class=\"title-after_title reset-last-child wd-fontsize-xs\">\n\t\t\t\t\t<p>Wij beantwoorden graag vragen over onze producten. Bestellingen die via het winkelnetwerk van Calumet zijn geplaatst, worden niet door ons afgehandeld \u2014 neem in deze gevallen rechtstreeks contact op met de betreffende winkel.<\/p>\t\t\t\t<\/div>\n\t\t\t\t\t<\/div>\n\t\t\t\t\t\t<\/div>\n\t\t\t\t<\/div>\n\t\t\t\t<div class=\"elementor-element elementor-element-e781b79 wd-cf7 elementor-widget elementor-widget-wd_contact_form_7\" data-id=\"e781b79\" data-element_type=\"widget\" data-e-type=\"widget\" data-widget_type=\"wd_contact_form_7.default\">\n\t\t\t\t<div class=\"elementor-widget-container\">\n\t\t\t\t\t\n<div class=\"wpcf7 no-js\" id=\"wpcf7-f13142-o1\" lang=\"en-US\" dir=\"ltr\" data-wpcf7-id=\"13142\">\n<div class=\"screen-reader-response\"><p role=\"status\" aria-live=\"polite\" aria-atomic=\"true\"><\/p> <ul><\/ul><\/div>\n<form action=\"\/nl\/wp-json\/wp\/v2\/pages\/13144#wpcf7-f13142-o1\" method=\"post\" class=\"wpcf7-form init\" aria-label=\"Contact form\" novalidate=\"novalidate\" data-status=\"init\">\n<fieldset class=\"hidden-fields-container\"><input type=\"hidden\" name=\"_wpcf7\" value=\"13142\" \/><input type=\"hidden\" name=\"_wpcf7_version\" value=\"6.1.5\" \/><input type=\"hidden\" name=\"_wpcf7_locale\" value=\"en_US\" \/><input type=\"hidden\" name=\"_wpcf7_unit_tag\" value=\"wpcf7-f13142-o1\" \/><input type=\"hidden\" name=\"_wpcf7_container_post\" value=\"0\" \/><input type=\"hidden\" name=\"_wpcf7_posted_data_hash\" value=\"\" \/><input type=\"hidden\" name=\"_wpcf7_recaptcha_response\" value=\"\" \/>\n<\/fieldset>\n<div class=\"row\">\n\t<p class=\"col-md-6\"><span class=\"wpcf7-form-control-wrap\" data-name=\"your-name\"><input size=\"40\" maxlength=\"400\" class=\"wpcf7-form-control wpcf7-text wpcf7-validates-as-required\" aria-required=\"true\" aria-invalid=\"false\" placeholder=\"Naam\" value=\"\" type=\"text\" name=\"your-name\" \/><\/span>\n\t<\/p>\n\t<p class=\"col-md-6\"><span class=\"wpcf7-form-control-wrap\" data-name=\"Last\"><input size=\"40\" maxlength=\"400\" class=\"wpcf7-form-control wpcf7-text wpcf7-validates-as-required\" aria-required=\"true\" aria-invalid=\"false\" placeholder=\"Achternaam\" value=\"\" type=\"text\" name=\"Last\" \/><\/span>\n\t<\/p>\n<\/div>\n<p><span class=\"wpcf7-form-control-wrap\" data-name=\"Email\"><input size=\"40\" maxlength=\"400\" class=\"wpcf7-form-control wpcf7-email wpcf7-validates-as-required wpcf7-text wpcf7-validates-as-email\" aria-required=\"true\" aria-invalid=\"false\" placeholder=\"E-mail\" value=\"\" type=\"email\" name=\"Email\" \/><\/span>\n<\/p>\n<p><span class=\"wpcf7-form-control-wrap\" data-name=\"your-subject\"><input size=\"40\" maxlength=\"400\" class=\"wpcf7-form-control wpcf7-text wpcf7-validates-as-required\" aria-required=\"true\" aria-invalid=\"false\" placeholder=\"Onderwerp\" value=\"\" type=\"text\" name=\"your-subject\" \/><\/span>\n<\/p>\n<p><span class=\"wpcf7-form-control-wrap\" data-name=\"your-message\"><textarea cols=\"40\" rows=\"10\" maxlength=\"2000\" class=\"wpcf7-form-control wpcf7-textarea\" aria-invalid=\"false\" placeholder=\"Bericht\" name=\"your-message\"><\/textarea><\/span>\n<\/p>\n<p><input class=\"wpcf7-form-control wpcf7-submit has-spinner btn btn-color-primary btn-style-semi-round\" type=\"submit\" value=\"Verzenden\" \/>\n<\/p><div class=\"wpcf7-response-output\" aria-hidden=\"true\"><\/div>\n<\/form>\n<\/div>\n\t\t\t\t<\/div>\n\t\t\t\t<\/div>\n\t\t\t\t<\/div>\n\t\t\t\t\t<\/div>\n\t\t\t\t<\/div>\n\t\t<div class=\"elementor-element elementor-element-af6ab00 e-flex e-con-boxed e-con e-parent\" data-id=\"af6ab00\" data-element_type=\"container\" data-e-type=\"container\">\n\t\t\t\t\t<div class=\"e-con-inner\">\n\t\t<div class=\"elementor-element elementor-element-5c27900 e-con-full e-flex e-con e-child\" data-id=\"5c27900\" data-element_type=\"container\" data-e-type=\"container\">\n\t\t\t\t<div class=\"elementor-element elementor-element-0fe1c5d elementor-view-default elementor-widget elementor-widget-icon\" data-id=\"0fe1c5d\" data-element_type=\"widget\" data-e-type=\"widget\" data-widget_type=\"icon.default\">\n\t\t\t\t<div class=\"elementor-widget-container\">\n\t\t\t\t\t\t\t<div class=\"elementor-icon-wrapper\">\n\t\t\t<div class=\"elementor-icon\">\n\t\t\t<svg aria-hidden=\"true\" class=\"e-font-icon-svg e-far-envelope\" viewBox=\"0 0 512 512\" xmlns=\"http:\/\/www.w3.org\/2000\/svg\"><path d=\"M464 64H48C21.49 64 0 85.49 0 112v288c0 26.51 21.49 48 48 48h416c26.51 0 48-21.49 48-48V112c0-26.51-21.49-48-48-48zm0 48v40.805c-22.422 18.259-58.168 46.651-134.587 106.49-16.841 13.247-50.201 45.072-73.413 44.701-23.208.375-56.579-31.459-73.413-44.701C106.18 199.465 70.425 171.067 48 152.805V112h416zM48 400V214.398c22.914 18.251 55.409 43.862 104.938 82.646 21.857 17.205 60.134 55.186 103.062 54.955 42.717.231 80.509-37.199 103.053-54.947 49.528-38.783 82.032-64.401 104.947-82.653V400H48z\"><\/path><\/svg>\t\t\t<\/div>\n\t\t<\/div>\n\t\t\t\t\t\t<\/div>\n\t\t\t\t<\/div>\n\t\t\t\t<div class=\"elementor-element elementor-element-d702fcf elementor-widget elementor-widget-wd_text_block\" data-id=\"d702fcf\" data-element_type=\"widget\" data-e-type=\"widget\" data-widget_type=\"wd_text_block.default\">\n\t\t\t\t<div class=\"elementor-widget-container\">\n\t\t\t\t\t\t\t<div class=\"wd-text-block reset-last-child text-left\">\n\t\t\t\n\t\t\t<h3 style=\"text-align: center;\">E-mail<\/h3><h5 style=\"text-align: center;\">support@calumet.info<\/h5>\n\t\t\t\t\t<\/div>\n\t\t\t\t\t\t<\/div>\n\t\t\t\t<\/div>\n\t\t\t\t<div class=\"elementor-element elementor-element-50b616b elementor-widget-divider--view-line elementor-widget elementor-widget-divider\" data-id=\"50b616b\" data-element_type=\"widget\" data-e-type=\"widget\" data-widget_type=\"divider.default\">\n\t\t\t\t<div class=\"elementor-widget-container\">\n\t\t\t\t\t\t\t<div class=\"elementor-divider\">\n\t\t\t<span class=\"elementor-divider-separator\">\n\t\t\t\t\t\t<\/span>\n\t\t<\/div>\n\t\t\t\t\t\t<\/div>\n\t\t\t\t<\/div>\n\t\t\t\t<\/div>\n\t\t<div class=\"elementor-element elementor-element-618b652 e-con-full e-flex e-con e-child\" data-id=\"618b652\" data-element_type=\"container\" data-e-type=\"container\">\n\t\t\t\t<div class=\"elementor-element elementor-element-2cd7ab2 elementor-view-default elementor-widget elementor-widget-icon\" data-id=\"2cd7ab2\" data-element_type=\"widget\" data-e-type=\"widget\" data-widget_type=\"icon.default\">\n\t\t\t\t<div class=\"elementor-widget-container\">\n\t\t\t\t\t\t\t<div class=\"elementor-icon-wrapper\">\n\t\t\t<div class=\"elementor-icon\">\n\t\t\t<svg aria-hidden=\"true\" class=\"e-font-icon-svg e-fas-phone\" viewBox=\"0 0 512 512\" xmlns=\"http:\/\/www.w3.org\/2000\/svg\"><path d=\"M493.4 24.6l-104-24c-11.3-2.6-22.9 3.3-27.5 13.9l-48 112c-4.2 9.8-1.4 21.3 6.9 28l60.6 49.6c-36 76.7-98.9 140.5-177.2 177.2l-49.6-60.6c-6.8-8.3-18.2-11.1-28-6.9l-112 48C3.9 366.5-2 378.1.6 389.4l24 104C27.1 504.2 36.7 512 48 512c256.1 0 464-207.5 464-464 0-11.2-7.7-20.9-18.6-23.4z\"><\/path><\/svg>\t\t\t<\/div>\n\t\t<\/div>\n\t\t\t\t\t\t<\/div>\n\t\t\t\t<\/div>\n\t\t\t\t<div class=\"elementor-element elementor-element-3a62bd9 elementor-widget elementor-widget-wd_text_block\" data-id=\"3a62bd9\" data-element_type=\"widget\" data-e-type=\"widget\" data-widget_type=\"wd_text_block.default\">\n\t\t\t\t<div class=\"elementor-widget-container\">\n\t\t\t\t\t\t\t<div class=\"wd-text-block reset-last-child text-left\">\n\t\t\t\n\t\t\t<h3 style=\"text-align: center;\">Telefoon<\/h3><h5 style=\"text-align: center;\">+48 601 901 790<\/h5>\n\t\t\t\t\t<\/div>\n\t\t\t\t\t\t<\/div>\n\t\t\t\t<\/div>\n\t\t\t\t<div class=\"elementor-element elementor-element-135bd65 elementor-widget-divider--view-line elementor-widget elementor-widget-divider\" data-id=\"135bd65\" data-element_type=\"widget\" data-e-type=\"widget\" data-widget_type=\"divider.default\">\n\t\t\t\t<div class=\"elementor-widget-container\">\n\t\t\t\t\t\t\t<div class=\"elementor-divider\">\n\t\t\t<span class=\"elementor-divider-separator\">\n\t\t\t\t\t\t<\/span>\n\t\t<\/div>\n\t\t\t\t\t\t<\/div>\n\t\t\t\t<\/div>\n\t\t\t\t<\/div>\n\t\t<div class=\"elementor-element elementor-element-9e43bf4 e-con-full e-flex e-con e-child\" data-id=\"9e43bf4\" data-element_type=\"container\" data-e-type=\"container\">\n\t\t\t\t<div class=\"elementor-element elementor-element-ef5c8aa elementor-view-default elementor-widget elementor-widget-icon\" data-id=\"ef5c8aa\" data-element_type=\"widget\" data-e-type=\"widget\" data-widget_type=\"icon.default\">\n\t\t\t\t<div class=\"elementor-widget-container\">\n\t\t\t\t\t\t\t<div class=\"elementor-icon-wrapper\">\n\t\t\t<div class=\"elementor-icon\">\n\t\t\t<svg aria-hidden=\"true\" class=\"e-font-icon-svg e-fas-location-arrow\" viewBox=\"0 0 512 512\" xmlns=\"http:\/\/www.w3.org\/2000\/svg\"><path d=\"M444.52 3.52L28.74 195.42c-47.97 22.39-31.98 92.75 19.19 92.75h175.91v175.91c0 51.17 70.36 67.17 92.75 19.19l191.9-415.78c15.99-38.39-25.59-79.97-63.97-63.97z\"><\/path><\/svg>\t\t\t<\/div>\n\t\t<\/div>\n\t\t\t\t\t\t<\/div>\n\t\t\t\t<\/div>\n\t\t\t\t<div class=\"elementor-element elementor-element-89c3484 elementor-widget elementor-widget-wd_text_block\" data-id=\"89c3484\" data-element_type=\"widget\" data-e-type=\"widget\" data-widget_type=\"wd_text_block.default\">\n\t\t\t\t<div class=\"elementor-widget-container\">\n\t\t\t\t\t\t\t<div class=\"wd-text-block reset-last-child text-left\">\n\t\t\t\n\t\t\t<h3 style=\"text-align: center;\">\u00a0Bedrijfsgegevens<\/h3><h5 style=\"text-align: center;\">Sansa Europe Sp. z o.o.<br \/>Wersalska 47\/75<br \/>91-212, \u0141\u00f3d\u017a, Poland<\/h5>\n\t\t\t\t\t<\/div>\n\t\t\t\t\t\t<\/div>\n\t\t\t\t<\/div>\n\t\t\t\t<div class=\"elementor-element elementor-element-627fc67 elementor-widget-divider--view-line elementor-widget elementor-widget-divider\" data-id=\"627fc67\" data-element_type=\"widget\" data-e-type=\"widget\" data-widget_type=\"divider.default\">\n\t\t\t\t<div class=\"elementor-widget-container\">\n\t\t\t\t\t\t\t<div class=\"elementor-divider\">\n\t\t\t<span class=\"elementor-divider-separator\">\n\t\t\t\t\t\t<\/span>\n\t\t<\/div>\n\t\t\t\t\t\t<\/div>\n\t\t\t\t<\/div>\n\t\t\t\t<\/div>\n\t\t\t\t\t<\/div>\n\t\t\t\t<\/div>\n\t\t\t\t<\/div>\n\t\t","protected":false},"excerpt":{"rendered":"<p>Heb je vragen over producten van het merk Calumet? Stuur ons een bericht! Wij beantwoorden graag vragen over onze producten.<\/p>\n","protected":false},"author":1,"featured_media":0,"parent":0,"menu_order":0,"comment_status":"closed","ping_status":"closed","template":"","meta":{"footnotes":""},"class_list":["post-13144","page","type-page","status-publish","hentry"],"yoast_head":"<!-- This site is optimized with the Yoast SEO plugin v27.2 - https:\/\/yoast.com\/product\/yoast-seo-wordpress\/ -->\n<title>Contact - Calumet<\/title>\n<meta name=\"robots\" content=\"index, follow, max-snippet:-1, max-image-preview:large, max-video-preview:-1\" \/>\n<link rel=\"canonical\" href=\"https:\/\/calumet.info\/nl\/contact\/\" \/>\n<meta property=\"og:locale\" content=\"nl_NL\" \/>\n<meta property=\"og:type\" content=\"article\" \/>\n<meta property=\"og:title\" content=\"Contact - Calumet\" \/>\n<meta property=\"og:description\" content=\"Heb je vragen over producten van het merk Calumet? Stuur ons een bericht! Wij beantwoorden graag vragen over onze producten.\" \/>\n<meta property=\"og:url\" content=\"https:\/\/calumet.info\/nl\/contact\/\" \/>\n<meta property=\"og:site_name\" content=\"Calumet\" \/>\n<meta property=\"article:modified_time\" content=\"2025-12-12T10:08:40+00:00\" \/>\n<meta property=\"og:image\" content=\"https:\/\/calumet.info\/wp-content\/uploads\/2024\/07\/kontakt01.jpg\" \/>\n<meta name=\"twitter:card\" content=\"summary_large_image\" \/>\n<meta name=\"twitter:label1\" content=\"Geschatte leestijd\" \/>\n\t<meta name=\"twitter:data1\" content=\"1 minuut\" \/>\n<script type=\"application\/ld+json\" class=\"yoast-schema-graph\">{\"@context\":\"https:\/\/schema.org\",\"@graph\":[{\"@type\":\"WebPage\",\"@id\":\"https:\/\/calumet.info\/nl\/contact\/\",\"url\":\"https:\/\/calumet.info\/nl\/contact\/\",\"name\":\"Contact - Calumet\",\"isPartOf\":{\"@id\":\"https:\/\/calumet.info\/nl\/#website\"},\"primaryImageOfPage\":{\"@id\":\"https:\/\/calumet.info\/nl\/contact\/#primaryimage\"},\"image\":{\"@id\":\"https:\/\/calumet.info\/nl\/contact\/#primaryimage\"},\"thumbnailUrl\":\"https:\/\/calumet.info\/wp-content\/uploads\/2024\/07\/kontakt01.jpg\",\"datePublished\":\"2022-11-30T16:09:17+00:00\",\"dateModified\":\"2025-12-12T10:08:40+00:00\",\"breadcrumb\":{\"@id\":\"https:\/\/calumet.info\/nl\/contact\/#breadcrumb\"},\"inLanguage\":\"nl-NL\",\"potentialAction\":[{\"@type\":\"ReadAction\",\"target\":[\"https:\/\/calumet.info\/nl\/contact\/\"]}]},{\"@type\":\"ImageObject\",\"inLanguage\":\"nl-NL\",\"@id\":\"https:\/\/calumet.info\/nl\/contact\/#primaryimage\",\"url\":\"https:\/\/calumet.info\/wp-content\/uploads\/2024\/07\/kontakt01.jpg\",\"contentUrl\":\"https:\/\/calumet.info\/wp-content\/uploads\/2024\/07\/kontakt01.jpg\"},{\"@type\":\"BreadcrumbList\",\"@id\":\"https:\/\/calumet.info\/nl\/contact\/#breadcrumb\",\"itemListElement\":[{\"@type\":\"ListItem\",\"position\":1,\"name\":\"Strona g\u0142\u00f3wna\",\"item\":\"https:\/\/calumet.info\/nl\/\"},{\"@type\":\"ListItem\",\"position\":2,\"name\":\"Contact\"}]},{\"@type\":\"WebSite\",\"@id\":\"https:\/\/calumet.info\/nl\/#website\",\"url\":\"https:\/\/calumet.info\/nl\/\",\"name\":\"Calumet\",\"description\":\"Opis strony\",\"potentialAction\":[{\"@type\":\"SearchAction\",\"target\":{\"@type\":\"EntryPoint\",\"urlTemplate\":\"https:\/\/calumet.info\/nl\/?s={search_term_string}\"},\"query-input\":{\"@type\":\"PropertyValueSpecification\",\"valueRequired\":true,\"valueName\":\"search_term_string\"}}],\"inLanguage\":\"nl-NL\"}]}<\/script>\n<!-- \/ Yoast SEO plugin. -->","yoast_head_json":{"title":"Contact - Calumet","robots":{"index":"index","follow":"follow","max-snippet":"max-snippet:-1","max-image-preview":"max-image-preview:large","max-video-preview":"max-video-preview:-1"},"canonical":"https:\/\/calumet.info\/nl\/contact\/","og_locale":"nl_NL","og_type":"article","og_title":"Contact - Calumet","og_description":"Heb je vragen over producten van het merk Calumet? Stuur ons een bericht! Wij beantwoorden graag vragen over onze producten.","og_url":"https:\/\/calumet.info\/nl\/contact\/","og_site_name":"Calumet","article_modified_time":"2025-12-12T10:08:40+00:00","og_image":[{"url":"https:\/\/calumet.info\/wp-content\/uploads\/2024\/07\/kontakt01.jpg","type":"","width":"","height":""}],"twitter_card":"summary_large_image","twitter_misc":{"Geschatte leestijd":"1 minuut"},"schema":{"@context":"https:\/\/schema.org","@graph":[{"@type":"WebPage","@id":"https:\/\/calumet.info\/nl\/contact\/","url":"https:\/\/calumet.info\/nl\/contact\/","name":"Contact - Calumet","isPartOf":{"@id":"https:\/\/calumet.info\/nl\/#website"},"primaryImageOfPage":{"@id":"https:\/\/calumet.info\/nl\/contact\/#primaryimage"},"image":{"@id":"https:\/\/calumet.info\/nl\/contact\/#primaryimage"},"thumbnailUrl":"https:\/\/calumet.info\/wp-content\/uploads\/2024\/07\/kontakt01.jpg","datePublished":"2022-11-30T16:09:17+00:00","dateModified":"2025-12-12T10:08:40+00:00","breadcrumb":{"@id":"https:\/\/calumet.info\/nl\/contact\/#breadcrumb"},"inLanguage":"nl-NL","potentialAction":[{"@type":"ReadAction","target":["https:\/\/calumet.info\/nl\/contact\/"]}]},{"@type":"ImageObject","inLanguage":"nl-NL","@id":"https:\/\/calumet.info\/nl\/contact\/#primaryimage","url":"https:\/\/calumet.info\/wp-content\/uploads\/2024\/07\/kontakt01.jpg","contentUrl":"https:\/\/calumet.info\/wp-content\/uploads\/2024\/07\/kontakt01.jpg"},{"@type":"BreadcrumbList","@id":"https:\/\/calumet.info\/nl\/contact\/#breadcrumb","itemListElement":[{"@type":"ListItem","position":1,"name":"Strona g\u0142\u00f3wna","item":"https:\/\/calumet.info\/nl\/"},{"@type":"ListItem","position":2,"name":"Contact"}]},{"@type":"WebSite","@id":"https:\/\/calumet.info\/nl\/#website","url":"https:\/\/calumet.info\/nl\/","name":"Calumet","description":"Opis strony","potentialAction":[{"@type":"SearchAction","target":{"@type":"EntryPoint","urlTemplate":"https:\/\/calumet.info\/nl\/?s={search_term_string}"},"query-input":{"@type":"PropertyValueSpecification","valueRequired":true,"valueName":"search_term_string"}}],"inLanguage":"nl-NL"}]}},"_links":{"self":[{"href":"https:\/\/calumet.info\/nl\/wp-json\/wp\/v2\/pages\/13144","targetHints":{"allow":["GET"]}}],"collection":[{"href":"https:\/\/calumet.info\/nl\/wp-json\/wp\/v2\/pages"}],"about":[{"href":"https:\/\/calumet.info\/nl\/wp-json\/wp\/v2\/types\/page"}],"author":[{"embeddable":true,"href":"https:\/\/calumet.info\/nl\/wp-json\/wp\/v2\/users\/1"}],"replies":[{"embeddable":true,"href":"https:\/\/calumet.info\/nl\/wp-json\/wp\/v2\/comments?post=13144"}],"version-history":[{"count":19,"href":"https:\/\/calumet.info\/nl\/wp-json\/wp\/v2\/pages\/13144\/revisions"}],"predecessor-version":[{"id":27201,"href":"https:\/\/calumet.info\/nl\/wp-json\/wp\/v2\/pages\/13144\/revisions\/27201"}],"wp:attachment":[{"href":"https:\/\/calumet.info\/nl\/wp-json\/wp\/v2\/media?parent=13144"}],"curies":[{"name":"wp","href":"https:\/\/api.w.org\/{rel}","templated":true}]}}