{"id":17622,"date":"2024-07-30T09:46:24","date_gmt":"2024-07-30T09:46:24","guid":{"rendered":"http:\/\/calumet.info\/?page_id=17622"},"modified":"2024-07-30T10:24:04","modified_gmt":"2024-07-30T10:24:04","slug":"polityka-prywatnosci","status":"publish","type":"page","link":"https:\/\/calumet.info\/pl\/polityka-prywatnosci\/","title":{"rendered":"Polityka prywatno\u015bci"},"content":{"rendered":"\t\t<div data-elementor-type=\"wp-page\" data-elementor-id=\"17622\" class=\"elementor elementor-17622\">\n\t\t\t\t<div class=\"elementor-element elementor-element-b6984ba e-flex e-con-boxed e-con e-parent\" data-id=\"b6984ba\" data-element_type=\"container\" data-e-type=\"container\" data-settings=\"{&quot;background_background&quot;:&quot;classic&quot;}\">\n\t\t\t\t\t<div class=\"e-con-inner\">\n\t\t\t\t<div class=\"elementor-element elementor-element-f8fc909 wd-width-100 elementor-widget elementor-widget-wd_title\" data-id=\"f8fc909\" data-element_type=\"widget\" data-e-type=\"widget\" data-widget_type=\"wd_title.default\">\n\t\t\t\t<div class=\"elementor-widget-container\">\n\t\t\t\t\t\t\t<div class=\"title-wrapper wd-set-mb reset-last-child wd-title-color-default wd-title-style-default wd-title-size-default text-center\">\n\n\t\t\t\n\t\t\t<div class=\"liner-continer\">\n\t\t\t\t<h4 class=\"woodmart-title-container title wd-fontsize-l\">Polityka prywatno\u015bci<\/h4> \n\t\t\t\t\t\t\t<\/div>\n\n\t\t\t\t\t<\/div>\n\t\t\t\t\t\t<\/div>\n\t\t\t\t<\/div>\n\t\t\t\t<div class=\"elementor-element elementor-element-2e25b7a elementor-widget elementor-widget-wd_text_block\" data-id=\"2e25b7a\" data-element_type=\"widget\" data-e-type=\"widget\" data-widget_type=\"wd_text_block.default\">\n\t\t\t\t<div class=\"elementor-widget-container\">\n\t\t\t\t\t\t\t<div class=\"wd-text-block reset-last-child text-left\">\n\t\t\t\n\t\t\t<p><\/p>\n<p><b>I POSTANOWIENIA OG\u00d3LNE<\/b><\/p>\n<ol>\n<li style=\"font-weight: 400;\" aria-level=\"1\"><span style=\"font-weight: 400;\">Niniejsza polityka prywatno\u015bci okre\u015bla spos\u00f3b zbierania, przetwarzania i przechowywania danych osobowych koniecznych do \u015bwiadczenia us\u0142ug drog\u0105 elektroniczn\u0105 za po\u015brednictwem serwisu internetowego w domenie Calumet.info.<\/span><\/li>\n<li style=\"font-weight: 400;\" aria-level=\"1\"><span style=\"font-weight: 400;\">Administratorem danych osobowych zbieranych za po\u015brednictwem Serwisu jest sp\u00f3\u0142ka Sansa Europe sp. z o.o., Wersalska 47\/75, 91-212 \u0141\u00f3d\u017a zwana dalej \u201eAdministratorem\u201d.<\/span><\/li>\n<li style=\"font-weight: 400;\" aria-level=\"1\"><span style=\"font-weight: 400;\">Dane osobowe s\u0105 przetwarzane zgodnie z Rozporz\u0105dzeniem Parlamentu Europejskiego i Rady (UE) 2016\/679 z dnia 27 kwietnia 2016 r. w sprawie ochrony os\u00f3b fizycznych w zwi\u0105zku z przetwarzaniem danych osobowych i w sprawie swobodnego przep\u0142ywu takich danych oraz uchylenia dyrektywy 95\/46\/WE (og\u00f3lne rozporz\u0105dzenie o ochronie danych) (dalej: RODO).<\/span><\/li>\n<li style=\"font-weight: 400;\" aria-level=\"1\"><span style=\"font-weight: 400;\">Administrator dok\u0142ada szczeg\u00f3lnej staranno\u015bci w celu ochrony interes\u00f3w os\u00f3b, kt\u00f3rych dane dotycz\u0105, a w szczeg\u00f3lno\u015bci zapewnia, \u017ce zbierane przez niego dane s\u0105 przetwarzane zgodnie z prawem; zbierane dla oznaczonych, zgodnych z prawem cel\u00f3w i niepoddawane dalszemu przetwarzaniu niezgodnemu z tymi celami; merytorycznie poprawne i adekwatne w stosunku do cel\u00f3w, w jakich s\u0105 przetwarzane oraz przechowywane w postaci umo\u017cliwiaj\u0105cej identyfikacj\u0119 os\u00f3b, kt\u00f3rych dotycz\u0105, nie d\u0142u\u017cej ni\u017c jest to niezb\u0119dne do osi\u0105gni\u0119cia celu przetwarzania.<\/span><\/li>\n<\/ol>\n<p><b>II CEL I ZAKRES ZBIERANIA DANYCH ORAZ ODBIORCY DANYCH<\/b><b><br \/><\/b><\/p>\n<ol>\n<li style=\"font-weight: 400;\" aria-level=\"1\"><span style=\"font-weight: 400;\">Administrator przetwarza dane osobowe niezb\u0119dne do \u015bwiadczenia i rozwoju oferowanych us\u0142ug dost\u0119pnych za po\u015brednictwem Serwisu oraz poszczeg\u00f3lnych jego funkcjonalno\u015bci.<\/span><\/li>\n<li style=\"font-weight: 400;\" aria-level=\"1\"><span style=\"font-weight: 400;\">Dane osobowe przetwarzane b\u0119d\u0105 w nast\u0119puj\u0105cych celach:<\/span><\/li>\n<\/ol>\n<ul>\n<li style=\"font-weight: 400;\" aria-level=\"1\"><span style=\"font-weight: 400;\">komunikacji z U\u017cytkownikiem w celu dostarczeniu mu niezb\u0119dnych informacji oraz budowania pozytywnych i rzetelnych relacji z Nim, co stanowi prawnie uzasadniony interes Administratora (art. 6 ust. 1 lit. f RODO);\u00a0<\/span><\/li>\n<li style=\"font-weight: 400;\" aria-level=\"1\"><span style=\"font-weight: 400;\">promowania przez Administratora produkt\u00f3w i\/lub us\u0142ug w\u0142asnych oraz Partner\u00f3w poprzez przekazanie informacji marketingowych drog\u0105 mailow\u0105 (newsletter), je\u015bli U\u017cytkownik wyrazi\u0142 zgod\u0119 na otrzymywanie takich powiadomie\u0144 za po\u015brednictwem e-mail (art. 6 ust. 1 lit. a RODO);<\/span><\/li>\n<li style=\"font-weight: 400;\" aria-level=\"1\"><span style=\"font-weight: 400;\">w celach analitycznych i statystycznych na podstawie prawnie uzasadnionego interesu Administratora polegaj\u0105cego na prowadzeniu weryfikacji aktywno\u015bci U\u017cytkownik\u00f3w i ich preferencji dla optymalizacji us\u0142ug i produkt\u00f3w oraz stosowanych funkcjonalno\u015bci Serwisu (art. 6 ust. 1 lit. f RODO);<\/span><\/li>\n<li style=\"font-weight: 400;\" aria-level=\"1\"><span style=\"font-weight: 400;\">w celu kierowania reklamy w mediach spo\u0142eczno\u015bciowych i na stronach internetowych, typu Facebook, YouTube, Google\u00a0 \u2014 na podstawie art. 6 ust. 1 lit. a RODO (zgoda) i na podstawie art. 6 ust. 1 lit. f RODO.<\/span><\/li>\n<\/ul>\n<p><span style=\"font-weight: 400;\">W ka\u017cdym z wymienionych powy\u017cej przypadk\u00f3w (ust 2) podanie danych jest dobrowolne, jednak konieczne do korzystania z innych funkcjonalno\u015bci Serwisu.\u00a0\u00a0<\/span><\/p>\n<p><b>III COOKIES I DANE EKSPLOATACYJNE<\/b><\/p>\n<ol>\n<li style=\"font-weight: 400;\" aria-level=\"1\"><span style=\"font-weight: 400;\">Pliki Cookies (ciasteczka) s\u0105 to niewielkie informacje tekstowe w postaci plik\u00f3w tekstowych, wysy\u0142ane przez serwer i zapisywane po stronie osoby odwiedzaj\u0105cej stron\u0119 Sklepu Internetowego (np. na dysku twardym komputera, laptopa czy te\u017c na karcie pami\u0119ci smartfona \u2013 w zale\u017cno\u015bci od tego, z jakiego urz\u0105dzenia korzysta odwiedzaj\u0105cy nasz Serwis).\u00a0<\/span><\/li>\n<li style=\"font-weight: 400;\" aria-level=\"1\"><span style=\"font-weight: 400;\">Administrator mo\u017ce przetwarza\u0107 dane zawarte w plikach Cookies podczas korzystania przez odwiedzaj\u0105cych ze Serwisu w nast\u0119puj\u0105cych celach:<\/span><span style=\"font-weight: 400;\"><br \/><\/span><span style=\"font-weight: 400;\">- zapami\u0119tywania danych z wype\u0142nianych Formularzy Newslettera, ankiet;<\/span><span style=\"font-weight: 400;\"><br \/><\/span><span style=\"font-weight: 400;\">- dostosowywania zawarto\u015bci strony Serwisy do indywidualnych preferencji Uzytkownika (np. dotycz\u0105cych rozmiaru, uk\u0142adu strony) oraz optymalizacji korzystania z Serwisu;<\/span><span style=\"font-weight: 400;\"><br \/><\/span><span style=\"font-weight: 400;\">- prowadzenia anonimowych statystyk przedstawiaj\u0105cych spos\u00f3b korzystania z Serwisu.<\/span><\/li>\n<li style=\"font-weight: 400;\" aria-level=\"1\"><span style=\"font-weight: 400;\">Standardowo wi\u0119kszo\u015b\u0107 przegl\u0105darek internetowych dost\u0119pnych na rynku domy\u015blnie akceptuje zapisywanie plik\u00f3w Cookies. Ka\u017cdy ma mo\u017cliwo\u015b\u0107 okre\u015blenia warunk\u00f3w korzystania z plik\u00f3w Cookies za pomoc\u0105 ustawie\u0144 w\u0142asnej przegl\u0105darki internetowej. Oznacza to, \u017ce mo\u017cna np. cz\u0119\u015bciowo ograniczy\u0107 (np. czasowo) lub ca\u0142kowicie wy\u0142\u0105czy\u0107 mo\u017cliwo\u015b\u0107 zapisywania plik\u00f3w Cookies \u2013 w tym ostatnim wypadku jednak mo\u017ce to mie\u0107 wp\u0142yw na niekt\u00f3re funkcjonalno\u015bci Serwisu.<\/span><\/li>\n<li style=\"font-weight: 400;\" aria-level=\"1\"><span style=\"font-weight: 400;\">Ustawienia przegl\u0105darki internetowej w zakresie plik\u00f3w Cookies s\u0105 istotne z punktu widzenia zgody na korzystanie z plik\u00f3w Cookies przez nasz Serwis \u2013 zgodnie z przepisami taka zgoda mo\u017ce by\u0107 r\u00f3wnie\u017c wyra\u017cona poprzez ustawienia przegl\u0105darki internetowej. W braku wyra\u017cenia takiej zgody nale\u017cy odpowiednio zmieni\u0107 ustawienia przegl\u0105darki internetowej w zakresie plik\u00f3w Cookies.<\/span><\/li>\n<li style=\"font-weight: 400;\" aria-level=\"1\"><span style=\"font-weight: 400;\">Szczeg\u00f3\u0142owe informacje na temat zmiany ustawie\u0144 dotycz\u0105cych plik\u00f3w Cookies oraz ich samodzielnego usuwania w najpopularniejszych przegl\u0105darkach internetowych dost\u0119pne s\u0105 w dziale pomocy wybranej przegl\u0105darki internetowej.<\/span><\/li>\n<li style=\"font-weight: 400;\" aria-level=\"1\"><span style=\"font-weight: 400;\">Administrator przetwarza r\u00f3wnie\u017c zanonimizowane dane eksploatacyjne zwi\u0105zane z korzystaniem z Serwisu (tzw. logi \u2013 adres IP, domena) do generowania statystyk pomocnych w administrowaniu Serwisem. Dane te maj\u0105 charakter zbiorczy i anonimowy, tj. nie zawieraj\u0105 cech identyfikuj\u0105cych osoby odwiedzaj\u0105ce stron\u0119 Sklepu Internetowego. Logi nie s\u0105 ujawniane osobom trzecim.<\/span><\/li>\n<\/ol>\n<p><b>IV PODSTAWA PRZETWARZANIA DANYCH<\/b><\/p>\n<ol>\n<li style=\"font-weight: 400;\" aria-level=\"1\"><span style=\"font-weight: 400;\">Podanie danych osobowych przez U\u017cytkownika jest dobrowolne.<\/span><\/li>\n<li style=\"font-weight: 400;\" aria-level=\"1\"><span style=\"font-weight: 400;\">Podstaw\u0105 przetwarzania danych osobowych U\u017cytkownika jest konieczno\u015b\u0107 realizacji umowy, kt\u00f3rej jest stron\u0105 lub podj\u0119cia na jego \u017c\u0105danie dzia\u0142a\u0144 przed jej zawarciem. W przypadku przetwarzania danych w celu marketingu bezpo\u015bredniego w\u0142asnych produkt\u00f3w lub us\u0142ug Administratora podstaw\u0105 takiego przetwarzania jest (1) uprzednia zgoda U\u017cytkownika lub (2) wype\u0142nienie prawnie usprawiedliwionych cel\u00f3w realizowanych przez Administratora (zgodnie z art. 23 ust. 4 Ustawy o ochronie danych osobowych za prawnie usprawiedliwiony cel uwa\u017ca si\u0119 w szczeg\u00f3lno\u015bci marketing bezpo\u015bredni w\u0142asnych produkt\u00f3w lub us\u0142ug Administratora).<\/span><\/li>\n<\/ol>\n<p><b>V PRAWO KONTROLI, DOST\u0118PU DO TRE\u015aCI SWOICH DANYCH ORAZ ICH POPRAWIANIA<\/b><\/p>\n<ol>\n<li style=\"font-weight: 400;\" aria-level=\"1\"><span style=\"font-weight: 400;\">U\u017cytkownik ma prawo dost\u0119pu do tre\u015bci swoich danych osobowych oraz ich poprawiania.<\/span><\/li>\n<li style=\"font-weight: 400;\" aria-level=\"1\"><span style=\"font-weight: 400;\">Ka\u017cdej osobie przys\u0142uguje prawo do kontroli przetwarzania danych, kt\u00f3re jej dotycz\u0105, zawartych w zbiorze danych Administratora, a zw\u0142aszcza prawo do: \u017c\u0105dania uzupe\u0142nienia, uaktualnienia, sprostowania danych osobowych, czasowego lub sta\u0142ego wstrzymania ich przetwarzania lub ich usuni\u0119cia, je\u017celi s\u0105 one niekompletne, nieaktualne, nieprawdziwe lub zosta\u0142y zebrane z naruszeniem ustawy albo s\u0105 ju\u017c zb\u0119dne do realizacji celu, dla kt\u00f3rego zosta\u0142y zebrane.<\/span><\/li>\n<li style=\"font-weight: 400;\" aria-level=\"1\"><span style=\"font-weight: 400;\">W przypadku udzielenia przez U\u017cytkownika zgody na przetwarzanie danych w celu marketingu bezpo\u015bredniego w\u0142asnych produkt\u00f3w lub us\u0142ug Administratora zgoda mo\u017ce by\u0107 odwo\u0142ana w ka\u017cdym czasie.<\/span><\/li>\n<li style=\"font-weight: 400;\" aria-level=\"1\"><span style=\"font-weight: 400;\">W przypadku gdy Administrator zamierza przetwarza\u0107 lub przetwarza dane U\u017cytkownika w celu marketingu bezpo\u015bredniego w\u0142asnych produkt\u00f3w lub us\u0142ug Administratora, osoba, kt\u00f3rej dane dotycz\u0105 uprawniona jest tak\u017ce do (1) wniesienia pisemnego, umotywowanego \u017c\u0105dania zaprzestania przetwarzania jej danych ze wzgl\u0119du na jej szczeg\u00f3ln\u0105 sytuacj\u0119 lub do (2) wniesienia sprzeciwu wobec przetwarzania jej danych.<\/span><\/li>\n<li style=\"font-weight: 400;\" aria-level=\"1\"><span style=\"font-weight: 400;\">W celu realizacji uprawnie\u0144, o kt\u00f3rych mowa powy\u017cej mo\u017cna kontaktowa\u0107 si\u0119 z Administratorem poprzez przes\u0142anie stosownej wiadomo\u015bci pisemnie lub poczt\u0105 elektroniczn\u0105 na adres Administratora wskazany na wst\u0119pie niniejszej polityki prywatno\u015bci.<\/span><\/li>\n<\/ol>\n<p><b>VI GOOGLE ANALYTICS I HOTJAR WEB ANALYTICS<\/b><\/p>\n<ol>\n<li style=\"font-weight: 400;\" aria-level=\"1\"><span style=\"font-weight: 400;\">Administrator korzysta z us\u0142ug Google Analytics dostarczanych przez firm\u0119 Google Inc. (1600 Amphitheatre Parkway, Mountain View, CA 94043, USA), Meta oraz us\u0142ug HotJar dostarczanych przez firm\u0119 Hotjar Ltd (Malta). Us\u0142ugi te pomagaj\u0105 Administratorowi analizowa\u0107 spos\u00f3b korzystania ze Sklepu Internetowego.<\/span><\/li>\n<li style=\"font-weight: 400;\" aria-level=\"1\"><span style=\"font-weight: 400;\">Google Analytics i HotJar wykorzystuj\u0105 pliki Cookies (ciasteczka) do analizowania sposobu korzystania z Serwisu. Pliki Cookies s\u0105 to niewielkie informacje tekstowe w postaci plik\u00f3w tekstowych, wysy\u0142ane przez serwer i zapisywane po stronie osoby korzystaj\u0105cej ze Serwisu (np. na dysku twardym komputera, laptopa czy te\u017c na karcie pami\u0119ci smartfona \u2013 w zale\u017cno\u015bci od tego, z jakiego urz\u0105dzenia korzysta osoba korzystaj\u0105ca ze Serwisu).<\/span><\/li>\n<li style=\"font-weight: 400;\" aria-level=\"1\"><span style=\"font-weight: 400;\">Informacje uzyskane za pomoc\u0105 plik\u00f3w Cookies s\u0105 zapisywane na serwerach wykorzystywanych przez Google Inc i HotJar Ltd, w tym na terytorium Stan\u00f3w Zjednoczonych. W przypadku aktywowania anonimizowania adresu IP podczas korzystania ze Serwisu adres IP zostanie skr\u00f3cony jeszcze w pa\u0144stwach cz\u0142onkowskich Unii Europejskiej lub innych b\u0119d\u0105cych stronami Porozumienia o Europejskim Obszarze Gospodarczym. Jedynie w wyj\u0105tkowych przypadkach pe\u0142ny adres IP zostanie przekazany do Stan\u00f3w Zjednoczonych i tam skr\u00f3cony.<\/span><\/li>\n<li style=\"font-weight: 400;\" aria-level=\"1\"><span style=\"font-weight: 400;\">Na zlecenie Administratora Google Inc. i HotJar Ltd I. b\u0119d\u0105 korzysta\u0107 z tych informacji w celu oceny korzystania z Serwisu przez U\u017cytkownika, tworzenia raport\u00f3w dotycz\u0105cych ruchu na stronach oraz \u015bwiadczenia innych us\u0142ug zwi\u0105zanych z korzystaniem z Serwisu.<\/span><\/li>\n<li style=\"font-weight: 400;\" aria-level=\"1\"><span style=\"font-weight: 400;\">Gromadzone dane przetwarzane s\u0105 w ramach powy\u017cszych us\u0142ug w spos\u00f3b zanonimizowany (s\u0105 to tzw. dane eksploatacyjne, kt\u00f3re uniemo\u017cliwiaj\u0105 identyfikacj\u0119 osoby). Dane te maj\u0105 charakter zbiorczy i anonimowy, tj. nie zawieraj\u0105 cech identyfikuj\u0105cych osoby korzystaj\u0105ce z Serwisu.<\/span><\/li>\n<li style=\"font-weight: 400;\" aria-level=\"1\"><span style=\"font-weight: 400;\">Standardowo wi\u0119kszo\u015b\u0107 przegl\u0105darek internetowych oraz urz\u0105dze\u0144 dost\u0119pnych na rynku domy\u015blnie akceptuje zapisywanie plik\u00f3w Cookies. Ka\u017cdy ma mo\u017cliwo\u015b\u0107 okre\u015blenia warunk\u00f3w korzystania z plik\u00f3w Cookies za pomoc\u0105 ustawie\u0144 w\u0142asnej przegl\u0105darki internetowej lub w\u0142asnego urz\u0105dzenia. Oznacza to, \u017ce mo\u017cna np. cz\u0119\u015bciowo ograniczy\u0107 (np. czasowo) lub ca\u0142kowicie wy\u0142\u0105czy\u0107 mo\u017cliwo\u015b\u0107 zapisywania plik\u00f3w Cookies \u2013 w tym ostatnim wypadku jednak mo\u017ce to mie\u0107 wp\u0142yw na niekt\u00f3re funkcjonalno\u015bci Serwisu.<\/span><\/li>\n<li style=\"font-weight: 400;\" aria-level=\"1\"><span style=\"font-weight: 400;\">Ustawienia przegl\u0105darki internetowej lub urz\u0105dzenia w zakresie plik\u00f3w Cookies s\u0105 istotne z punktu widzenia zgody na korzystanie z plik\u00f3w Cookies przez Sklep Internetowy \u2013 zgodnie z przepisami taka zgoda mo\u017ce by\u0107 r\u00f3wnie\u017c wyra\u017cona poprzez ustawienia przegl\u0105darki internetowej lub urz\u0105dzenia. W braku wyra\u017cenia takiej zgody nale\u017cy odpowiednio zmieni\u0107 ustawienia przegl\u0105darki internetowej lub urz\u0105dzenia w zakresie plik\u00f3w Cookies.<\/span><\/li>\n<li style=\"font-weight: 400;\" aria-level=\"1\"><span style=\"font-weight: 400;\">HotJar mo\u017ce rejestrowa\u0107 klikni\u0119cia myszk\u0105, ruchy myszk\u0105, aktywno\u015b\u0107 przewijania oraz wprowadzane informacje, kt\u00f3re nie s\u0105 danymi osobowymi.<\/span><\/li>\n<li style=\"font-weight: 400;\" aria-level=\"1\"><span style=\"font-weight: 400;\">Mo\u017cliwe jest tak\u017ce og\u00f3lne uniemo\u017cliwienie przekazywania danych z urz\u0105dzenia U\u017cytkownika do Google Analytics, HotJar Ltd z wykorzystaniem plik\u00f3w Cookies (w\u0142\u0105cznie z przekazywaniem adresu IP) poprzez pobranie dost\u0119pnej pod nast\u0119puj\u0105cym adresem wtyczki do przegl\u0105darki dostarczanej przez Google Inc, HotJar Ltd.<\/span><\/li>\n<li style=\"font-weight: 400;\" aria-level=\"1\"><span style=\"font-weight: 400;\">Szczeg\u00f3\u0142owe informacje o zasadach na jakich dzia\u0142aj\u0105 powy\u017csze us\u0142ugi, w tym o zasadach zbierania i przetwarzania danych dost\u0119pne s\u0105 tutaj: <\/span><a href=\"http:\/\/www.google.com\/intl\/pl\/policies\/privacy\/partners\/\"><span style=\"font-weight: 400;\">www.google.com\/intl\/pl\/policies\/privacy\/partners\/<\/span><\/a><span style=\"font-weight: 400;\">.<\/span><\/li>\n<\/ol>\n<p><b>VII META PLATFORMS<\/b><\/p>\n<ol>\n<li style=\"font-weight: 400;\" aria-level=\"1\"><span style=\"font-weight: 400;\">Serwis wykorzystuje Meta pixel w celu zarz\u0105dzania reklamami na platformie Facebook oraz Instagram (Meta Platforms), a tak\u017ce prowadzenia dzia\u0142a\u0144 remarketingowych w tych serwisach, co jest prawnie uzasadnionym interesem Administratora. Narz\u0119dzie Meta pixel dostarczane jest przez Facebook Inc. (Meta Platforms) oraz jego sp\u00f3\u0142ki powi\u0105zane.\u00a0<\/span><\/li>\n<li style=\"font-weight: 400;\" aria-level=\"1\"><span style=\"font-weight: 400;\">Informacje zbierane w ramach Meta Pixel (Meta Platforms) s\u0105 anonimowe i nie pozwalaj\u0105 na identyfikacj\u0119 U\u017cytkownika. Administrator Meta Platforms mo\u017ce \u0142\u0105czy\u0107 te informacje z danymi, kt\u00f3re U\u017cytkownik przekazuje w ramach konta na serwisach Meta Platforms oraz wykorzystywa\u0107 je we w\u0142asnych celach.<\/span><\/li>\n<\/ol>\n<p><b>VIII POSTANOWIENIA KO\u0143COWE<\/b><\/p>\n<ol>\n<li style=\"font-weight: 400;\" aria-level=\"1\"><span style=\"font-weight: 400;\">Serwis mo\u017ce zawiera\u0107 odno\u015bniki do innych stron internetowych. Administrator namawia, by po przej\u015bciu na inne strony, zapozna\u0107 si\u0119 z Polityk\u0105 Prywatno\u015bci tam ustalon\u0105. Niniejsza Polityka Prywatno\u015bci dotyczy tylko niniejszego Serwisu.<\/span><\/li>\n<li style=\"font-weight: 400;\" aria-level=\"1\"><span style=\"font-weight: 400;\">Administrator stosuje \u015brodki techniczne i organizacyjne zapewniaj\u0105ce ochron\u0119 przetwarzanych danych osobowych odpowiedni\u0105 do zagro\u017ce\u0144 oraz kategorii danych obj\u0119tych ochron\u0105, a w szczeg\u00f3lno\u015bci zabezpiecza dane przed ich udost\u0119pnieniem osobom nieupowa\u017cnionym, zabraniem przez osob\u0119 nieuprawnion\u0105, przetwarzaniem z naruszeniem obowi\u0105zuj\u0105cych przepis\u00f3w oraz zmian\u0105, utrat\u0105, uszkodzeniem lub zniszczeniem.<\/span><\/li>\n<\/ol>\n\n\t\t\t\t\t<\/div>\n\t\t\t\t\t\t<\/div>\n\t\t\t\t<\/div>\n\t\t\t\t\t<\/div>\n\t\t\t\t<\/div>\n\t\t\t\t<\/div>\n\t\t","protected":false},"excerpt":{"rendered":"<p>Polityka prywatno\u015bci I POSTANOWIENIA OG\u00d3LNE Niniejsza polityka prywatno\u015bci okre\u015bla spos\u00f3b zbierania, przetwarzania i przechowywania danych osobowych koniecznych do \u015bwiadczenia us\u0142ug<\/p>\n","protected":false},"author":3,"featured_media":0,"parent":0,"menu_order":0,"comment_status":"closed","ping_status":"closed","template":"","meta":{"footnotes":""},"class_list":["post-17622","page","type-page","status-publish","hentry"],"yoast_head":"<!-- This site is optimized with the Yoast SEO plugin v27.2 - https:\/\/yoast.com\/product\/yoast-seo-wordpress\/ -->\n<title>Polityka prywatno\u015bci - Calumet<\/title>\n<meta name=\"robots\" content=\"index, follow, max-snippet:-1, max-image-preview:large, max-video-preview:-1\" \/>\n<link rel=\"canonical\" href=\"https:\/\/calumet.info\/pl\/polityka-prywatnosci\/\" \/>\n<meta property=\"og:locale\" content=\"pl_PL\" \/>\n<meta property=\"og:type\" content=\"article\" \/>\n<meta property=\"og:title\" content=\"Polityka prywatno\u015bci - Calumet\" \/>\n<meta property=\"og:description\" content=\"Polityka prywatno\u015bci I POSTANOWIENIA OG\u00d3LNE Niniejsza polityka prywatno\u015bci okre\u015bla spos\u00f3b zbierania, przetwarzania i przechowywania danych osobowych koniecznych do \u015bwiadczenia us\u0142ug\" \/>\n<meta property=\"og:url\" content=\"https:\/\/calumet.info\/pl\/polityka-prywatnosci\/\" \/>\n<meta property=\"og:site_name\" content=\"Calumet\" \/>\n<meta property=\"article:modified_time\" content=\"2024-07-30T10:24:04+00:00\" \/>\n<meta name=\"twitter:card\" content=\"summary_large_image\" \/>\n<meta name=\"twitter:label1\" content=\"Szacowany czas czytania\" \/>\n\t<meta name=\"twitter:data1\" content=\"10 minut\" \/>\n<script type=\"application\/ld+json\" class=\"yoast-schema-graph\">{\"@context\":\"https:\/\/schema.org\",\"@graph\":[{\"@type\":\"WebPage\",\"@id\":\"https:\/\/calumet.info\/pl\/polityka-prywatnosci\/\",\"url\":\"https:\/\/calumet.info\/pl\/polityka-prywatnosci\/\",\"name\":\"Polityka prywatno\u015bci - Calumet\",\"isPartOf\":{\"@id\":\"https:\/\/calumet.info\/pl\/#website\"},\"datePublished\":\"2024-07-30T09:46:24+00:00\",\"dateModified\":\"2024-07-30T10:24:04+00:00\",\"breadcrumb\":{\"@id\":\"https:\/\/calumet.info\/pl\/polityka-prywatnosci\/#breadcrumb\"},\"inLanguage\":\"pl-PL\",\"potentialAction\":[{\"@type\":\"ReadAction\",\"target\":[\"https:\/\/calumet.info\/pl\/polityka-prywatnosci\/\"]}]},{\"@type\":\"BreadcrumbList\",\"@id\":\"https:\/\/calumet.info\/pl\/polityka-prywatnosci\/#breadcrumb\",\"itemListElement\":[{\"@type\":\"ListItem\",\"position\":1,\"name\":\"Strona g\u0142\u00f3wna\",\"item\":\"https:\/\/calumet.info\/pl\/\"},{\"@type\":\"ListItem\",\"position\":2,\"name\":\"Polityka prywatno\u015bci\"}]},{\"@type\":\"WebSite\",\"@id\":\"https:\/\/calumet.info\/pl\/#website\",\"url\":\"https:\/\/calumet.info\/pl\/\",\"name\":\"Calumet\",\"description\":\"Opis strony\",\"potentialAction\":[{\"@type\":\"SearchAction\",\"target\":{\"@type\":\"EntryPoint\",\"urlTemplate\":\"https:\/\/calumet.info\/pl\/?s={search_term_string}\"},\"query-input\":{\"@type\":\"PropertyValueSpecification\",\"valueRequired\":true,\"valueName\":\"search_term_string\"}}],\"inLanguage\":\"pl-PL\"}]}<\/script>\n<!-- \/ Yoast SEO plugin. -->","yoast_head_json":{"title":"Polityka prywatno\u015bci - Calumet","robots":{"index":"index","follow":"follow","max-snippet":"max-snippet:-1","max-image-preview":"max-image-preview:large","max-video-preview":"max-video-preview:-1"},"canonical":"https:\/\/calumet.info\/pl\/polityka-prywatnosci\/","og_locale":"pl_PL","og_type":"article","og_title":"Polityka prywatno\u015bci - Calumet","og_description":"Polityka prywatno\u015bci I POSTANOWIENIA OG\u00d3LNE Niniejsza polityka prywatno\u015bci okre\u015bla spos\u00f3b zbierania, przetwarzania i przechowywania danych osobowych koniecznych do \u015bwiadczenia us\u0142ug","og_url":"https:\/\/calumet.info\/pl\/polityka-prywatnosci\/","og_site_name":"Calumet","article_modified_time":"2024-07-30T10:24:04+00:00","twitter_card":"summary_large_image","twitter_misc":{"Szacowany czas czytania":"10 minut"},"schema":{"@context":"https:\/\/schema.org","@graph":[{"@type":"WebPage","@id":"https:\/\/calumet.info\/pl\/polityka-prywatnosci\/","url":"https:\/\/calumet.info\/pl\/polityka-prywatnosci\/","name":"Polityka prywatno\u015bci - Calumet","isPartOf":{"@id":"https:\/\/calumet.info\/pl\/#website"},"datePublished":"2024-07-30T09:46:24+00:00","dateModified":"2024-07-30T10:24:04+00:00","breadcrumb":{"@id":"https:\/\/calumet.info\/pl\/polityka-prywatnosci\/#breadcrumb"},"inLanguage":"pl-PL","potentialAction":[{"@type":"ReadAction","target":["https:\/\/calumet.info\/pl\/polityka-prywatnosci\/"]}]},{"@type":"BreadcrumbList","@id":"https:\/\/calumet.info\/pl\/polityka-prywatnosci\/#breadcrumb","itemListElement":[{"@type":"ListItem","position":1,"name":"Strona g\u0142\u00f3wna","item":"https:\/\/calumet.info\/pl\/"},{"@type":"ListItem","position":2,"name":"Polityka prywatno\u015bci"}]},{"@type":"WebSite","@id":"https:\/\/calumet.info\/pl\/#website","url":"https:\/\/calumet.info\/pl\/","name":"Calumet","description":"Opis strony","potentialAction":[{"@type":"SearchAction","target":{"@type":"EntryPoint","urlTemplate":"https:\/\/calumet.info\/pl\/?s={search_term_string}"},"query-input":{"@type":"PropertyValueSpecification","valueRequired":true,"valueName":"search_term_string"}}],"inLanguage":"pl-PL"}]}},"_links":{"self":[{"href":"https:\/\/calumet.info\/pl\/wp-json\/wp\/v2\/pages\/17622","targetHints":{"allow":["GET"]}}],"collection":[{"href":"https:\/\/calumet.info\/pl\/wp-json\/wp\/v2\/pages"}],"about":[{"href":"https:\/\/calumet.info\/pl\/wp-json\/wp\/v2\/types\/page"}],"author":[{"embeddable":true,"href":"https:\/\/calumet.info\/pl\/wp-json\/wp\/v2\/users\/3"}],"replies":[{"embeddable":true,"href":"https:\/\/calumet.info\/pl\/wp-json\/wp\/v2\/comments?post=17622"}],"version-history":[{"count":9,"href":"https:\/\/calumet.info\/pl\/wp-json\/wp\/v2\/pages\/17622\/revisions"}],"predecessor-version":[{"id":17653,"href":"https:\/\/calumet.info\/pl\/wp-json\/wp\/v2\/pages\/17622\/revisions\/17653"}],"wp:attachment":[{"href":"https:\/\/calumet.info\/pl\/wp-json\/wp\/v2\/media?parent=17622"}],"curies":[{"name":"wp","href":"https:\/\/api.w.org\/{rel}","templated":true}]}}